{"id":1177,"date":"2017-05-15T09:46:27","date_gmt":"2017-05-15T09:46:27","guid":{"rendered":"http:\/\/www.etfos.unios.hr\/ijeces\/?page_id=1177"},"modified":"2017-05-15T09:46:27","modified_gmt":"2017-05-15T09:46:27","slug":"vol-8-no-1-2017","status":"publish","type":"page","link":"http:\/\/www.etfos.unios.hr\/ijeces\/vol-8-no-1-2017\/","title":{"rendered":"Vol 8, No 1 (2017)"},"content":{"rendered":"<div  class=\"fusion-fullwidth fullwidth-box nonhundred-percent-fullwidth\"  style='background-color: rgba(255,255,255,0);background-position: left top;background-repeat: no-repeat;padding-top:20px;padding-right:0px;padding-bottom:20px;padding-left:0px;border-top-width:0px;border-bottom-width:0px;border-color:#eae9e9;border-top-style:;border-bottom-style:;'><div class=\"fusion-builder-row fusion-row \"><div  class=\"fusion-layout-column fusion_builder_column fusion_builder_column_1_1  fusion-one-full fusion-column-first fusion-column-last fusion-column-no-min-height 1_1\"  style='margin-top:0px;margin-bottom:0px;width:100%'>\n\t\t\t<div class=\"fusion-column-wrapper\" style=\"background-position:left top;background-repeat:no-repeat;-webkit-background-size:cover;-moz-background-size:cover;-o-background-size:cover;background-size:cover;\"  data-bg-url=\"\">\n\t\t\t\t<div class=\"fusion-title title fusion-title-size-two\" style=\"margin-top:0px;margin-bottom:31px;\"><h2 class=\"title-heading-left\">Vol 8, No 1<\/h2><div class=\"title-sep-container\"><div class=\"title-sep sep-single sep-dashed\" style=\"border-color:#1e73be;\"><\/div><\/div><\/div><div class=\"fusion-clearfix\"><\/div>\n\n\t\t\t<\/div>\n\t\t<\/div><\/div><\/div><div  class=\"fusion-fullwidth fullwidth-box hundred-percent-fullwidth\"  style='background-color: rgba(255,255,255,0);background-position: center center;background-repeat: no-repeat;padding-top:0px;padding-right:0px;padding-bottom:0px;padding-left:0px;'><div class=\"fusion-builder-row fusion-row \"><div  class=\"fusion-layout-column fusion_builder_column fusion_builder_column_1_3  fusion-one-third fusion-column-first 1_3\"  style='margin-top:0px;margin-bottom:20px;width:30.6666%; margin-right: 4%;'>\n\t\t\t<div class=\"fusion-column-wrapper\" style=\"background-position:left top;background-repeat:no-repeat;-webkit-background-size:cover;-moz-background-size:cover;-o-background-size:cover;background-size:cover;\"  data-bg-url=\"\">\n\t\t\t\t<span class=\"fusion-imageframe imageframe-none imageframe-1 hover-type-none\"><img loading=\"lazy\" src=\"http:\/\/www.etfos.unios.hr\/ijeces\/wp-content\/covers\/0801.jpg\" width=\"\" height=\"\" alt=\"\" title=\"\" class=\"img-responsive\"\/><\/span><div class=\"fusion-clearfix\"><\/div>\n\n\t\t\t<\/div>\n\t\t<\/div><div  class=\"fusion-layout-column fusion_builder_column fusion_builder_column_2_3  fusion-two-third fusion-column-last 2_3\"  style='margin-top:0px;margin-bottom:20px;width:65.3333%'>\n\t\t\t<div class=\"fusion-column-wrapper\" style=\"background-position:left top;background-repeat:no-repeat;-webkit-background-size:cover;-moz-background-size:cover;-o-background-size:cover;background-size:cover;\"  data-bg-url=\"\">\n\t\t\t\t<table style=\"height: 200px;\" border=\"0\" width=\"731\">\n<tbody>\n<tr>\n<td width=\"44\"><a href=\"http:\/\/www.etfos.unios.hr\/ijeces\/wp-content\/uploads\/2017\/07\/08-01-01.pdf\" target=\"_blank\"><div class=\"alignleft\"><i class=\"fa fontawesome-icon fa-download circle-yes\" style=\"background-color:#1e73be;font-size:8.8px;line-height:17.6px;height:17.6px;width:17.6px;margin-right:5px;color:#ffffff;\"><\/i><\/div><\/a><\/td>\n<td width=\"500\"><strong><a title=\"A Hybrid Statistical and Prioritised Unequal Error Protection Scheme for IEEE 802.11n LDPC Codes\" href=\"http:\/\/www.etfos.unios.hr\/ijeces\/papers\/a-hybrid-statistical-and-prioritised-unequal-error-protection-scheme-for-ieee-802-11n-ldpc-codes\/\" target=\"_blank\">A Hybrid Statistical and Prioritised Unequal Error Protection Scheme for IEEE 802.11n LDPC Codes<\/a><\/strong><br><em>Tulsi Pawan Fowdur, Madhavsingh Indoonundon.<\/em><\/td>\n<td style=\"text-align: right;\" width=\"37\"><strong>1-9<\/strong><\/td>\n<\/tr>\n<tr>\n<td width=\"44\"><a href=\"http:\/\/www.etfos.unios.hr\/ijeces\/wp-content\/uploads\/2017\/07\/08-01-02.pdf\" target=\"_blank\"><div class=\"alignleft\"><i class=\"fa fontawesome-icon fa-download circle-yes\" style=\"background-color:#1e73be;font-size:8.8px;line-height:17.6px;height:17.6px;width:17.6px;margin-right:5px;color:#ffffff;\"><\/i><\/div><\/a><\/td>\n<td width=\"500\"><strong><a title=\"PV Emulation by using DC Programmable Sources\" href=\"http:\/\/www.etfos.unios.hr\/ijeces\/papers\/pv-emulation-by-using-dc-programmable-sources\/\" target=\"_blank\">PV Emulation by using DC Programmable Sources<\/a><\/strong><br><em>Milan Opa\u010dak, Denis Pelin, Matej Pal.<\/em><\/td>\n<td style=\"text-align: right;\" width=\"37\"><strong>11-17<\/strong><\/td>\n<\/tr>\n<tr>\n<td width=\"44\"><a href=\"http:\/\/www.etfos.unios.hr\/ijeces\/wp-content\/uploads\/2017\/07\/08-01-03.pdf\" target=\"_blank\"><div class=\"alignleft\"><i class=\"fa fontawesome-icon fa-download circle-yes\" style=\"background-color:#1e73be;font-size:8.8px;line-height:17.6px;height:17.6px;width:17.6px;margin-right:5px;color:#ffffff;\"><\/i><\/div><\/a><\/td>\n<td width=\"500\"><strong><a title=\"Solution for the Default Gateway Protection within Fault-Tolerant Routing in an IP Network\" href=\"http:\/\/www.etfos.unios.hr\/ijeces\/papers\/solution-for-the-default-gateway-protection-within-fault-tolerant-routing-in-an-ip-network\/\" target=\"_blank\">Solution for the Default Gateway Protection within Fault-Tolerant Routing in an IP Network<\/a><\/strong><br><em>Oleksandr Lemeshko, Oleksandra Yeremenko, Nadia Tariki.<\/em><\/td>\n<td style=\"text-align: right;\" width=\"37\"><strong>19-26<\/strong><\/td>\n<\/tr>\n<tr>\n<td width=\"44\"><a href=\"http:\/\/www.etfos.unios.hr\/ijeces\/wp-content\/uploads\/2017\/07\/08-01-04.pdf\" target=\"_blank\"><div class=\"alignleft\"><i class=\"fa fontawesome-icon fa-download circle-yes\" style=\"background-color:#1e73be;font-size:8.8px;line-height:17.6px;height:17.6px;width:17.6px;margin-right:5px;color:#ffffff;\"><\/i><\/div><\/a><\/td>\n<td width=\"500\"><strong><a title=\"A Transformer with Increased Leakage Flux for Didactic Considerations on Magnetic Circuits\" href=\"http:\/\/www.etfos.unios.hr\/ijeces\/papers\/a-transformer-with-increased-leakage-flux-for-didactic-considerations-on-magnetic-circuits\/\" target=\"_blank\">A Transformer with Increased Leakage Flux for Didactic Considerations on Magnetic Circuits<\/a><\/strong><br><em>Hrvoje Vida, \u017deljko Hederi\u0107, \u017deljko \u0160poljari\u0107, Tin Ben\u0161i\u0107.<\/em><\/td>\n<td style=\"text-align: right;\" width=\"37\"><strong>27-32<\/strong><\/td>\n<\/tr>\n<tr>\n<td width=\"44\"><a href=\"http:\/\/www.etfos.unios.hr\/ijeces\/wp-content\/uploads\/2017\/07\/08-01-05.pdf\" target=\"_blank\"><div class=\"alignleft\"><i class=\"fa fontawesome-icon fa-download circle-yes\" style=\"background-color:#1e73be;font-size:8.8px;line-height:17.6px;height:17.6px;width:17.6px;margin-right:5px;color:#ffffff;\"><\/i><\/div><\/a><\/td>\n<td width=\"500\"><strong><a title=\"Providing Power Supply to Other Use Cases Integrated in the System of Public Lighting\" href=\"http:\/\/www.etfos.unios.hr\/ijeces\/papers\/providing-power-supply-to-other-use-cases-integrated-in-the-system-of-public-lighting\/\" target=\"_blank\">Providing Power Supply to Other Use Cases Integrated in the System of Public Lighting<\/a><\/strong><br><em>Jurica Perko, Danijel Topic, Damir \u0160ljivac.<\/em><\/td>\n<td style=\"text-align: right;\" width=\"37\"><strong>33-39<\/strong><\/td>\n<\/tr>\n<\/tbody>\n<\/table>\n<div class=\"fusion-clearfix\"><\/div>\n\n\t\t\t<\/div>\n\t\t<\/div><\/div><\/div>\n","protected":false},"excerpt":{"rendered":"","protected":false},"author":2,"featured_media":0,"parent":0,"menu_order":0,"comment_status":"closed","ping_status":"closed","template":"","meta":[],"_links":{"self":[{"href":"http:\/\/www.etfos.unios.hr\/ijeces\/wp-json\/wp\/v2\/pages\/1177"}],"collection":[{"href":"http:\/\/www.etfos.unios.hr\/ijeces\/wp-json\/wp\/v2\/pages"}],"about":[{"href":"http:\/\/www.etfos.unios.hr\/ijeces\/wp-json\/wp\/v2\/types\/page"}],"author":[{"embeddable":true,"href":"http:\/\/www.etfos.unios.hr\/ijeces\/wp-json\/wp\/v2\/users\/2"}],"replies":[{"embeddable":true,"href":"http:\/\/www.etfos.unios.hr\/ijeces\/wp-json\/wp\/v2\/comments?post=1177"}],"version-history":[{"count":3,"href":"http:\/\/www.etfos.unios.hr\/ijeces\/wp-json\/wp\/v2\/pages\/1177\/revisions"}],"predecessor-version":[{"id":1180,"href":"http:\/\/www.etfos.unios.hr\/ijeces\/wp-json\/wp\/v2\/pages\/1177\/revisions\/1180"}],"wp:attachment":[{"href":"http:\/\/www.etfos.unios.hr\/ijeces\/wp-json\/wp\/v2\/media?parent=1177"}],"curies":[{"name":"wp","href":"https:\/\/api.w.org\/{rel}","templated":true}]}}