{"id":1385,"date":"2018-06-04T07:25:52","date_gmt":"2018-06-04T07:25:52","guid":{"rendered":"http:\/\/www.etfos.unios.hr\/ijeces\/?page_id=1385"},"modified":"2018-06-04T07:25:52","modified_gmt":"2018-06-04T07:25:52","slug":"vol-9-no-1-2018","status":"publish","type":"page","link":"http:\/\/www.etfos.unios.hr\/ijeces\/vol-9-no-1-2018\/","title":{"rendered":"Vol 9, No 1 (2018)"},"content":{"rendered":"<div  class=\"fusion-fullwidth fullwidth-box nonhundred-percent-fullwidth\"  style='background-color: rgba(255,255,255,0);background-position: left top;background-repeat: no-repeat;padding-top:20px;padding-right:0px;padding-bottom:20px;padding-left:0px;border-top-width:0px;border-bottom-width:0px;border-color:#eae9e9;border-top-style:;border-bottom-style:;'><div class=\"fusion-builder-row fusion-row \"><div  class=\"fusion-layout-column fusion_builder_column fusion_builder_column_1_1  fusion-one-full fusion-column-first fusion-column-last fusion-column-no-min-height 1_1\"  style='margin-top:0px;margin-bottom:0px;width:100%'>\n\t\t\t<div class=\"fusion-column-wrapper\" style=\"background-position:left top;background-repeat:no-repeat;-webkit-background-size:cover;-moz-background-size:cover;-o-background-size:cover;background-size:cover;\"  data-bg-url=\"\">\n\t\t\t\t<div class=\"fusion-title title fusion-title-size-two\" style=\"margin-top:0px;margin-bottom:31px;\"><h2 class=\"title-heading-left\">Vol 9, No 1<\/h2><div class=\"title-sep-container\"><div class=\"title-sep sep-single sep-dashed\" style=\"border-color:#1e73be;\"><\/div><\/div><\/div><div class=\"fusion-clearfix\"><\/div>\n\n\t\t\t<\/div>\n\t\t<\/div><\/div><\/div><div  class=\"fusion-fullwidth fullwidth-box hundred-percent-fullwidth\"  style='background-color: rgba(255,255,255,0);background-position: center center;background-repeat: no-repeat;padding-top:0px;padding-right:0px;padding-bottom:0px;padding-left:0px;'><div class=\"fusion-builder-row fusion-row \"><div  class=\"fusion-layout-column fusion_builder_column fusion_builder_column_1_3  fusion-one-third fusion-column-first 1_3\"  style='margin-top:0px;margin-bottom:20px;width:30.6666%; margin-right: 4%;'>\n\t\t\t<div class=\"fusion-column-wrapper\" style=\"background-position:left top;background-repeat:no-repeat;-webkit-background-size:cover;-moz-background-size:cover;-o-background-size:cover;background-size:cover;\"  data-bg-url=\"\">\n\t\t\t\t<span class=\"fusion-imageframe imageframe-none imageframe-1 hover-type-none\"><img loading=\"lazy\" src=\"http:\/\/www.etfos.unios.hr\/ijeces\/wp-content\/covers\/0901.jpg\" width=\"\" height=\"\" alt=\"\" title=\"\" class=\"img-responsive\"\/><\/span><div class=\"fusion-clearfix\"><\/div>\n\n\t\t\t<\/div>\n\t\t<\/div><div  class=\"fusion-layout-column fusion_builder_column fusion_builder_column_2_3  fusion-two-third fusion-column-last 2_3\"  style='margin-top:0px;margin-bottom:20px;width:65.3333%'>\n\t\t\t<div class=\"fusion-column-wrapper\" style=\"background-position:left top;background-repeat:no-repeat;-webkit-background-size:cover;-moz-background-size:cover;-o-background-size:cover;background-size:cover;\"  data-bg-url=\"\">\n\t\t\t\t<table style=\"height: 200px;\" border=\"0\" width=\"731\">\n<tbody>\n<tr>\n<td width=\"44\"><a href=\"http:\/\/www.etfos.unios.hr\/ijeces\/wp-content\/uploads\/2018\/06\/09-01-01-1.pdf\" target=\"_blank\"><div class=\"alignleft\"><i class=\"fa fontawesome-icon fa-download circle-yes\" style=\"background-color:#1e73be;font-size:8.8px;line-height:17.6px;height:17.6px;width:17.6px;margin-right:5px;color:#ffffff;\"><\/i><\/div><\/a><\/td>\n<td width=\"500\"><strong><a title=\"Measuring the Dielectric Constant of Paper Using a Parallel Plate Capacitor\" href=\"http:\/\/www.etfos.unios.hr\/ijeces\/papers\/measuring-the-dielectric-constant-of-paper-using-a-parallel-plate-capacitor\/\" target=\"_blank\">Measuring the Dielectric Constant of Paper Using a Parallel Plate Capacitor<\/a><\/strong><br><em>Vanja Mandri\u0107 Radivojevi\u0107, Slavko Rup\u010di\u0107, Mario Srnovi\u0107, Goran Ben\u0161i\u0107.<\/em><\/td>\n<td style=\"text-align: right;\" width=\"37\"><strong>1-10<\/strong><\/td>\n<\/tr>\n<tr>\n<td width=\"44\"><a href=\"http:\/\/www.etfos.unios.hr\/ijeces\/wp-content\/uploads\/2018\/06\/09-01-02.pdf\" target=\"_blank\"><div class=\"alignleft\"><i class=\"fa fontawesome-icon fa-download circle-yes\" style=\"background-color:#1e73be;font-size:8.8px;line-height:17.6px;height:17.6px;width:17.6px;margin-right:5px;color:#ffffff;\"><\/i><\/div><\/a><\/td>\n<td width=\"500\"><strong><a title=\"Comparative Analysis of an Off-grid PV System for Different Types of Batteries\" href=\"http:\/\/www.etfos.unios.hr\/ijeces\/papers\/comparative-analysis-of-an-off-grid-pv-system-for-different-types-of-batteries\/\" target=\"_blank\">Comparative Analysis of an Off-grid PV System for Different Types of Batteries<\/a><\/strong><br><em>Rebeka Raff, Velimir Golub, Jurica Perko.<\/em><\/td>\n<td style=\"text-align: right;\" width=\"37\"><strong>11-19<\/strong><\/td>\n<\/tr>\n<tr>\n<td width=\"44\"><a href=\"http:\/\/www.etfos.unios.hr\/ijeces\/wp-content\/uploads\/2018\/06\/09-01-03.pdf\" target=\"_blank\"><div class=\"alignleft\"><i class=\"fa fontawesome-icon fa-download circle-yes\" style=\"background-color:#1e73be;font-size:8.8px;line-height:17.6px;height:17.6px;width:17.6px;margin-right:5px;color:#ffffff;\"><\/i><\/div><\/a><\/td>\n<td width=\"500\"><strong><a title=\"Investigation of THD Analysis in Residential Distribution Systems with Different Penetration Levels of Electric Vehicles\" href=\"http:\/\/www.etfos.unios.hr\/ijeces\/papers\/investigation-of-thd-analysis-in-residential-distribution-systems-with-different-penetration-levels-of-electric-vehicles\/\" target=\"_blank\">Investigation of THD Analysis in Residential Distribution Systems with Different Penetration Levels of Electric Vehicles<\/a><\/strong><br><em>Jayababu Badugu, Y.P. Obulesu, Ch. Sai Babu.<\/em><\/td>\n<td style=\"text-align: right;\" width=\"37\"><strong>21-27<\/strong><\/td>\n<\/tr>\n<tr>\n<td width=\"44\"><a href=\"http:\/\/www.etfos.unios.hr\/ijeces\/wp-content\/uploads\/2018\/06\/09-01-04.pdf\" target=\"_blank\"><div class=\"alignleft\"><i class=\"fa fontawesome-icon fa-download circle-yes\" style=\"background-color:#1e73be;font-size:8.8px;line-height:17.6px;height:17.6px;width:17.6px;margin-right:5px;color:#ffffff;\"><\/i><\/div><\/a><\/td>\n<td width=\"500\"><strong><a title=\"Measures of the Winter Package EC and Biogas Power Plants in Croatia\" href=\"http:\/\/www.etfos.unios.hr\/ijeces\/papers\/measures-of-the-winter-package-ec-and-biogas-power-plants-in-croatia\/\" target=\"_blank\">Measures of the Winter Package EC and Biogas Power Plants in Croatia<\/a><\/strong><br><em>Milan Ivanovi\u0107, Hrvoje Glava\u0161.<\/em><\/td>\n<td style=\"text-align: right;\" width=\"37\"><strong>29-33<\/strong><\/td>\n<\/tr>\n<tr>\n<td width=\"44\"><a href=\"http:\/\/www.etfos.unios.hr\/ijeces\/wp-content\/uploads\/2018\/06\/09-01-05.pdf\" target=\"_blank\"><div class=\"alignleft\"><i class=\"fa fontawesome-icon fa-download circle-yes\" style=\"background-color:#1e73be;font-size:8.8px;line-height:17.6px;height:17.6px;width:17.6px;margin-right:5px;color:#ffffff;\"><\/i><\/div><\/a><\/td>\n<td width=\"500\"><strong><a title=\"An Event-Driven Multiple Objects Surveillance System\" href=\"http:\/\/www.etfos.unios.hr\/ijeces\/papers\/an-event-driven-multiple-objects-surveillance-system\/\" target=\"_blank\">An Event-Driven Multiple Objects Surveillance System<\/a><\/strong><br><em>Saeed MIan Qaisar, Dija Sidiya, Mohammad Akbar.<\/em><\/td>\n<td style=\"text-align: right;\" width=\"37\"><strong>35-44<\/strong><\/td>\n<\/tr>\n<\/tbody>\n<\/table>\n<div class=\"fusion-clearfix\"><\/div>\n\n\t\t\t<\/div>\n\t\t<\/div><\/div><\/div>\n","protected":false},"excerpt":{"rendered":"","protected":false},"author":2,"featured_media":0,"parent":0,"menu_order":0,"comment_status":"closed","ping_status":"closed","template":"","meta":[],"_links":{"self":[{"href":"http:\/\/www.etfos.unios.hr\/ijeces\/wp-json\/wp\/v2\/pages\/1385"}],"collection":[{"href":"http:\/\/www.etfos.unios.hr\/ijeces\/wp-json\/wp\/v2\/pages"}],"about":[{"href":"http:\/\/www.etfos.unios.hr\/ijeces\/wp-json\/wp\/v2\/types\/page"}],"author":[{"embeddable":true,"href":"http:\/\/www.etfos.unios.hr\/ijeces\/wp-json\/wp\/v2\/users\/2"}],"replies":[{"embeddable":true,"href":"http:\/\/www.etfos.unios.hr\/ijeces\/wp-json\/wp\/v2\/comments?post=1385"}],"version-history":[{"count":1,"href":"http:\/\/www.etfos.unios.hr\/ijeces\/wp-json\/wp\/v2\/pages\/1385\/revisions"}],"predecessor-version":[{"id":1386,"href":"http:\/\/www.etfos.unios.hr\/ijeces\/wp-json\/wp\/v2\/pages\/1385\/revisions\/1386"}],"wp:attachment":[{"href":"http:\/\/www.etfos.unios.hr\/ijeces\/wp-json\/wp\/v2\/media?parent=1385"}],"curies":[{"name":"wp","href":"https:\/\/api.w.org\/{rel}","templated":true}]}}