{"id":1870,"date":"2019-02-19T08:05:51","date_gmt":"2019-02-19T08:05:51","guid":{"rendered":"http:\/\/www.etfos.unios.hr\/ijeces\/?page_id=1870"},"modified":"2019-04-15T10:20:10","modified_gmt":"2019-04-15T10:20:10","slug":"vol-9-no-2-2019","status":"publish","type":"page","link":"http:\/\/www.etfos.unios.hr\/ijeces\/vol-9-no-2-2019\/","title":{"rendered":"Vol 9, No 2 (2018)"},"content":{"rendered":"<div  class=\"fusion-fullwidth fullwidth-box nonhundred-percent-fullwidth\"  style='background-color: rgba(255,255,255,0);background-position: left top;background-repeat: no-repeat;padding-top:20px;padding-right:0px;padding-bottom:20px;padding-left:0px;border-top-width:0px;border-bottom-width:0px;border-color:#eae9e9;border-top-style:;border-bottom-style:;'><div class=\"fusion-builder-row fusion-row \"><div  class=\"fusion-layout-column fusion_builder_column fusion_builder_column_1_1  fusion-one-full fusion-column-first fusion-column-last fusion-column-no-min-height 1_1\"  style='margin-top:0px;margin-bottom:0px;width:100%'>\n\t\t\t<div class=\"fusion-column-wrapper\" style=\"background-position:left top;background-repeat:no-repeat;-webkit-background-size:cover;-moz-background-size:cover;-o-background-size:cover;background-size:cover;\"  data-bg-url=\"\">\n\t\t\t\t<div class=\"fusion-title title fusion-title-size-two\" style=\"margin-top:0px;margin-bottom:31px;\"><h2 class=\"title-heading-left\">Vol 9, No 2<\/h2><div class=\"title-sep-container\"><div class=\"title-sep sep-single sep-dashed\" style=\"border-color:#1e73be;\"><\/div><\/div><\/div><div class=\"fusion-clearfix\"><\/div>\n\n\t\t\t<\/div>\n\t\t<\/div><\/div><\/div><div  class=\"fusion-fullwidth fullwidth-box hundred-percent-fullwidth\"  style='background-color: rgba(255,255,255,0);background-position: center center;background-repeat: no-repeat;padding-top:0px;padding-right:0px;padding-bottom:0px;padding-left:0px;'><div class=\"fusion-builder-row fusion-row \"><div  class=\"fusion-layout-column fusion_builder_column fusion_builder_column_1_3  fusion-one-third fusion-column-first 1_3\"  style='margin-top:0px;margin-bottom:20px;width:30.6666%; margin-right: 4%;'>\n\t\t\t<div class=\"fusion-column-wrapper\" style=\"background-position:left top;background-repeat:no-repeat;-webkit-background-size:cover;-moz-background-size:cover;-o-background-size:cover;background-size:cover;\"  data-bg-url=\"\">\n\t\t\t\t<span class=\"fusion-imageframe imageframe-none imageframe-1 hover-type-none\"><img loading=\"lazy\" src=\"http:\/\/www.etfos.unios.hr\/ijeces\/wp-content\/covers\/0902.jpg\" width=\"\" height=\"\" alt=\"\" title=\"\" class=\"img-responsive\"\/><\/span><div class=\"fusion-clearfix\"><\/div>\n\n\t\t\t<\/div>\n\t\t<\/div><div  class=\"fusion-layout-column fusion_builder_column fusion_builder_column_2_3  fusion-two-third fusion-column-last 2_3\"  style='margin-top:0px;margin-bottom:20px;width:65.3333%'>\n\t\t\t<div class=\"fusion-column-wrapper\" style=\"background-position:left top;background-repeat:no-repeat;-webkit-background-size:cover;-moz-background-size:cover;-o-background-size:cover;background-size:cover;\"  data-bg-url=\"\">\n\t\t\t\t<table style=\"height: 200px;\" border=\"0\" width=\"731\">\n<tbody>\n<tr>\n<td width=\"44\"><a href=\"http:\/\/www.etfos.unios.hr\/ijeces\/wp-content\/uploads\/2019\/02\/09-02-01.pdf\" target=\"_blank\"><div class=\"alignleft\"><i class=\"fa fontawesome-icon fa-download circle-yes\" style=\"background-color:#1e73be;font-size:8.8px;line-height:17.6px;height:17.6px;width:17.6px;margin-right:5px;color:#ffffff;\"><\/i><\/div><\/a><\/td>\n<td width=\"500\"><strong><a title=\"Comparison of Data Warehousing and Big Data Principles from an Economic and Technical Standpoint and Their Applicability to Natural Gas Remote Readout Systems\" href=\"http:\/\/www.etfos.unios.hr\/ijeces\/papers\/comparison-of-data-warehousing-and-big-data-principles-from-an-economic-and-technical-standpoint-and-their-applicability-to-the-natural-gas-remote-readout-systems\/\" target=\"_blank\">Comparison of Data Warehousing and Big Data Principles from an Economic and Technical Standpoint and Their Applicability to Natural Gas Remote Readout Systems<\/a><\/strong><br><em>Vedran Kluk, Dominika Crnjac-Mili\u0107, Zdravko Krpi\u0107.<\/em><\/td>\n<td style=\"text-align: right;\" width=\"37\"><strong>45-51<\/strong><\/td>\n<\/tr>\n<tr>\n<td width=\"44\"><a href=\"http:\/\/www.etfos.unios.hr\/ijeces\/wp-content\/uploads\/2019\/03\/09-02-02.pdf\" target=\"_blank\"><div class=\"alignleft\"><i class=\"fa fontawesome-icon fa-download circle-yes\" style=\"background-color:#1e73be;font-size:8.8px;line-height:17.6px;height:17.6px;width:17.6px;margin-right:5px;color:#ffffff;\"><\/i><\/div><\/a><\/td>\n<td width=\"500\"><strong><a title=\"User Risky Behavior and Security Awareness through Lifespan\" href=\"http:\/\/www.etfos.unios.hr\/ijeces\/papers\/user-risky-behavior-and-security-awareness-through-lifespan\/\" target=\"_blank\">User Risky Behavior and Security Awareness through Lifespan<\/a><\/strong><br><em>Tena Velki, Ksenija Romstein.<\/em><\/td>\n<td style=\"text-align: right;\" width=\"37\"><strong>53-60<\/strong><\/td>\n<\/tr>\n<tr>\n<td width=\"44\"><a href=\"http:\/\/www.etfos.unios.hr\/ijeces\/wp-content\/uploads\/2019\/05\/09-02-3a.pdf\" target=\"_blank\"><div class=\"alignleft\"><i class=\"fa fontawesome-icon fa-download circle-yes\" style=\"background-color:#1e73be;font-size:8.8px;line-height:17.6px;height:17.6px;width:17.6px;margin-right:5px;color:#ffffff;\"><\/i><\/div><\/a><\/td>\n<td width=\"500\"><strong><a title=\"Unified Power Flow Controller for Non-Linear Loads Using Adaptive Power Quality Theory\" href=\"http:\/\/www.etfos.unios.hr\/ijeces\/papers\/unified-power-flow-controller-for-non-linear-loads-using-adaptive-power-quality-theory\/\" target=\"_blank\">Unified Power Flow Controller for Non-Linear Loads Using Adaptive Power Quality Theory<\/a><\/strong><br><em>Jaya Raju Gaddala, Sambasiva Rao Gudapati.<\/em><\/td>\n<td style=\"text-align: right;\" width=\"37\"><strong>61-67<\/strong><\/td>\n<\/tr>\n<tr>\n<td width=\"44\"><a href=\"http:\/\/www.etfos.unios.hr\/ijeces\/wp-content\/uploads\/2019\/05\/09-02-04.pdf\" target=\"_blank\"><div class=\"alignleft\"><i class=\"fa fontawesome-icon fa-download circle-yes\" style=\"background-color:#1e73be;font-size:8.8px;line-height:17.6px;height:17.6px;width:17.6px;margin-right:5px;color:#ffffff;\"><\/i><\/div><\/a><\/td>\n<td width=\"500\"><strong><a title=\"Lossless Compression of Medical Image Sequences Using a Resolution Independent Predictor and Block Adaptive Encoding\" href=\"http:\/\/www.etfos.unios.hr\/ijeces\/papers\/lossless-compression-of-medical-image-sequences-using-a-resolution-independent-predictor-and-block-adaptive-encoding\/\" target=\"_blank\">Lossless Compression of Medical Image Sequences Using a Resolution Independent Predictor and Block Adaptive Encoding<\/a><\/strong><br><em>Urvashi Sharma, Meenakshi Sood, Emjee Puthooran.<\/em><\/td>\n<td style=\"text-align: right;\" width=\"37\"><strong>69-79<\/strong><\/td>\n<\/tr>\n<tr>\n<td width=\"44\"><a href=\"http:\/\/www.etfos.unios.hr\/ijeces\/wp-content\/uploads\/2019\/04\/09-02-05.pdf\" target=\"_blank\"><div class=\"alignleft\"><i class=\"fa fontawesome-icon fa-download circle-yes\" style=\"background-color:#1e73be;font-size:8.8px;line-height:17.6px;height:17.6px;width:17.6px;margin-right:5px;color:#ffffff;\"><\/i><\/div><\/a><\/td>\n<td width=\"500\"><strong><a title=\"Clique Comparison and Homophily Detection in Telecom Social Networks\" href=\"http:\/\/www.etfos.unios.hr\/ijeces\/papers\/clique-comparison-and-homophily-detection-in-telecom-social-networks\/\" target=\"_blank\">Clique Comparison and Homophily Detection in Telecom Social Networks<\/a><\/strong><br><em>Marin Mandi\u0107, Davor \u0160kobi\u0107, Goran Martinovi\u0107.<\/em><\/td>\n<td style=\"text-align: right;\" width=\"37\"><strong>81-87<\/strong><\/td>\n<\/tr>\n<\/tbody>\n<\/table>\n<div class=\"fusion-clearfix\"><\/div>\n\n\t\t\t<\/div>\n\t\t<\/div><\/div><\/div>\n","protected":false},"excerpt":{"rendered":"","protected":false},"author":2,"featured_media":0,"parent":0,"menu_order":0,"comment_status":"closed","ping_status":"closed","template":"","meta":[],"_links":{"self":[{"href":"http:\/\/www.etfos.unios.hr\/ijeces\/wp-json\/wp\/v2\/pages\/1870"}],"collection":[{"href":"http:\/\/www.etfos.unios.hr\/ijeces\/wp-json\/wp\/v2\/pages"}],"about":[{"href":"http:\/\/www.etfos.unios.hr\/ijeces\/wp-json\/wp\/v2\/types\/page"}],"author":[{"embeddable":true,"href":"http:\/\/www.etfos.unios.hr\/ijeces\/wp-json\/wp\/v2\/users\/2"}],"replies":[{"embeddable":true,"href":"http:\/\/www.etfos.unios.hr\/ijeces\/wp-json\/wp\/v2\/comments?post=1870"}],"version-history":[{"count":2,"href":"http:\/\/www.etfos.unios.hr\/ijeces\/wp-json\/wp\/v2\/pages\/1870\/revisions"}],"predecessor-version":[{"id":1940,"href":"http:\/\/www.etfos.unios.hr\/ijeces\/wp-json\/wp\/v2\/pages\/1870\/revisions\/1940"}],"wp:attachment":[{"href":"http:\/\/www.etfos.unios.hr\/ijeces\/wp-json\/wp\/v2\/media?parent=1870"}],"curies":[{"name":"wp","href":"https:\/\/api.w.org\/{rel}","templated":true}]}}