{"id":188,"date":"2015-02-16T07:23:58","date_gmt":"2015-02-16T07:23:58","guid":{"rendered":"http:\/\/www.etfos.unios.hr\/ijeces-test\/?page_id=188"},"modified":"2017-03-23T08:04:45","modified_gmt":"2017-03-23T08:04:45","slug":"vol-2-no-1-2011","status":"publish","type":"page","link":"http:\/\/www.etfos.unios.hr\/ijeces\/vol-2-no-1-2011\/","title":{"rendered":"Vol 2, No 1 (2011)"},"content":{"rendered":"<p><div  class=\"fusion-fullwidth fullwidth-box nonhundred-percent-fullwidth\"  style='background-color: rgba(255,255,255,0);background-position: left top;background-repeat: no-repeat;padding-top:20px;padding-right:0px;padding-bottom:20px;padding-left:0px;border-top-width:0px;border-bottom-width:0px;border-color:#eae9e9;border-top-style:;border-bottom-style:;'><div class=\"fusion-builder-row fusion-row \"><div  class=\"fusion-layout-column fusion_builder_column fusion_builder_column_1_1  fusion-one-full fusion-column-first fusion-column-last fusion-column-no-min-height 1_1\"  style='margin-top:0px;margin-bottom:0px;'>\n\t\t\t<div class=\"fusion-column-wrapper\" style=\"background-position:left top;background-repeat:no-repeat;-webkit-background-size:cover;-moz-background-size:cover;-o-background-size:cover;background-size:cover;\"  data-bg-url=\"\">\n\t\t\t\t<div class=\"fusion-title title fusion-title-size-two\" style=\"margin-top:0px;margin-bottom:31px;\"><h2 class=\"title-heading-left\">Vol 2, No 1<\/h2><div class=\"title-sep-container\"><div class=\"title-sep sep-single sep-dashed\" style=\"border-color:#1e73be;\"><\/div><\/div><\/div><div class=\"fusion-clearfix\"><\/div>\n\n\t\t\t<\/div>\n\t\t<\/div><\/div><\/div><div  class=\"fusion-fullwidth fullwidth-box hundred-percent-fullwidth\"  style='background-color: rgba(255,255,255,0);background-position: center center;background-repeat: no-repeat;padding-top:0px;padding-right:0px;padding-bottom:0px;padding-left:0px;'><div class=\"fusion-builder-row fusion-row \"><div  class=\"fusion-layout-column fusion_builder_column fusion_builder_column_1_3  fusion-one-third fusion-column-first 1_3\"  style='margin-top:0px;margin-bottom:20px;width:30.6666%; margin-right: 4%;'>\n\t\t\t<div class=\"fusion-column-wrapper\" style=\"background-position:left top;background-repeat:no-repeat;-webkit-background-size:cover;-moz-background-size:cover;-o-background-size:cover;background-size:cover;\"  data-bg-url=\"\">\n\t\t\t\t<span class=\"fusion-imageframe imageframe-none imageframe-1 hover-type-none\"><img loading=\"lazy\" src=\"http:\/\/www.etfos.unios.hr\/ijeces\/wp-content\/uploads\/2015\/02\/0201-295x300.jpg\" width=\"295\" height=\"300\" alt=\"\" title=\"0201\" class=\"img-responsive wp-image-203\"\/><\/span><div class=\"fusion-clearfix\"><\/div>\n\n\t\t\t<\/div>\n\t\t<\/div><div  class=\"fusion-layout-column fusion_builder_column fusion_builder_column_2_3  fusion-two-third fusion-column-last 2_3\"  style='margin-top:0px;margin-bottom:20px;width:65.3333%'>\n\t\t\t<div class=\"fusion-column-wrapper\" style=\"background-position:left top;background-repeat:no-repeat;-webkit-background-size:cover;-moz-background-size:cover;-o-background-size:cover;background-size:cover;\"  data-bg-url=\"\">\n\t\t\t\t<table style=\"height: 200px;\" border=\"0\" width=\"731\">\n<tbody>\n<tr>\n<td width=\"44\"><a href=\"http:\/\/www.etfos.unios.hr\/ijeces\/wp-content\/uploads\/pappers\/ijeces_vol_2_no_1_01.pdf\" target=\"_blank\"><div class=\"alignleft\"><i class=\"fa fontawesome-icon fa-download circle-yes\" style=\"background-color:#1e73be;font-size:8.8px;line-height:17.6px;height:17.6px;width:17.6px;margin-right:5px;color:#ffffff;\"><\/i><\/div><\/a><\/td>\n<td width=\"500\"><strong><a title=\"Enhanced MO-PSO Preview Control for Non- Linear System\" href=\"http:\/\/www.etfos.unios.hr\/ijeces\/vol-2-no-1-2011\/enhanced-mo-pso-preview-control-for-non-linear-system\/\">Enhanced MO-PSO Preview Control for Non- Linear System<\/a><br \/>\n<\/strong><em>Nidhika Birla, Akhilesh Swarup<\/em><\/td>\n<td style=\"text-align: right;\" width=\"37\"><strong>1-9<\/strong><\/td>\n<\/tr>\n<tr>\n<td><a href=\"http:\/\/www.etfos.unios.hr\/ijeces\/wp-content\/uploads\/pappers\/ijeces_vol_2_no_1_02.pdf\" target=\"_blank\"><div class=\"alignleft\"><i class=\"fa fontawesome-icon fa-download circle-yes\" style=\"background-color:#1e73be;font-size:8.8px;line-height:17.6px;height:17.6px;width:17.6px;margin-right:5px;color:#ffffff;\"><\/i><\/div><\/a><\/td>\n<td><strong><a title=\"Performance Analysis of Digital Video Watermarking using Discrete Cosine Transform\" href=\"http:\/\/www.etfos.unios.hr\/ijeces\/vol-2-no-1-2011\/performance-analysis-of-digital-video-watermarking-using-discrete-cosine-transform\/\">Performance Analysis of Digital Video Watermarking using Discrete Cosine Transform<\/a><br \/>\n<\/strong><em>Ashish M Kothari, Ved Vyas Dwivedi<\/em><\/td>\n<td style=\"text-align: right;\"><strong>11-15<\/strong><\/td>\n<\/tr>\n<tr>\n<td><a href=\"http:\/\/www.etfos.unios.hr\/ijeces\/wp-content\/uploads\/pappers\/ijeces_vol_2_no_1_03.pdf\" target=\"_blank\"><div class=\"alignleft\"><i class=\"fa fontawesome-icon fa-download circle-yes\" style=\"background-color:#1e73be;font-size:8.8px;line-height:17.6px;height:17.6px;width:17.6px;margin-right:5px;color:#ffffff;\"><\/i><\/div><\/a><\/td>\n<td><a title=\"The Influence of Atmospheric Overvoltages on High-Voltage SF 6 Substations\" href=\"http:\/\/www.etfos.unios.hr\/ijeces\/vol-2-no-1-2011\/the-influence-of-atmospheric-overvoltages-on-high-voltage-sf-6-substations\/\"><strong>The <\/strong><strong>Influence of Atmospheric Overvoltages on High-Voltage SF6 Substations<\/strong><\/a><strong><br \/>\n<\/strong>Vedran Vukasovi\u0107, Zoran Baus, Marinko Baruk\u010di\u0107<\/td>\n<td style=\"text-align: right;\"><strong>17-24<\/strong><\/td>\n<\/tr>\n<tr>\n<td><a href=\"http:\/\/www.etfos.unios.hr\/ijeces\/wp-content\/uploads\/pappers\/ijeces_vol_2_no_1_04.pdf\" target=\"_blank\"><div class=\"alignleft\"><i class=\"fa fontawesome-icon fa-download circle-yes\" style=\"background-color:#1e73be;font-size:8.8px;line-height:17.6px;height:17.6px;width:17.6px;margin-right:5px;color:#ffffff;\"><\/i><\/div><\/a><\/td>\n<td><a title=\"Risk from Nuclear Power Utilization after Fukushima Accident\" href=\"http:\/\/www.etfos.unios.hr\/ijeces\/vol-2-no-1-2011\/risk-from-nuclear-power-utilization-after-fukushima-accident\/\"><strong>Risk from Nuclear Power Utilization after Fukushima Accident<\/strong><\/a><em><a title=\"Risk from Nuclear Power Utilization after Fukushima Accident\" href=\"http:\/\/www.etfos.unios.hr\/ijeces\/vol-2-no-1-2011\/risk-from-nuclear-power-utilization-after-fukushima-accident\/\"><strong><br \/>\n<\/strong><\/a> Zdenko \u0160imi\u0107, Vladimir Mikuli\u010di\u0107, Igor Vukovi\u0107 <\/em><\/td>\n<td style=\"text-align: right;\"><strong>25-35<\/strong><\/td>\n<\/tr>\n<tr>\n<td><a href=\"http:\/\/www.etfos.unios.hr\/ijeces\/wp-content\/uploads\/pappers\/ijeces_vol_2_no_1_05.pdf\" target=\"_blank\"><div class=\"alignleft\"><i class=\"fa fontawesome-icon fa-download circle-yes\" style=\"background-color:#1e73be;font-size:8.8px;line-height:17.6px;height:17.6px;width:17.6px;margin-right:5px;color:#ffffff;\"><\/i><\/div><\/a><\/td>\n<td><a title=\"Influence of Renewable Energy Sources on Distribution Network Availability\" href=\"http:\/\/www.etfos.unios.hr\/ijeces\/vol-2-no-1-2011\/influence-of-renewable-energy-sources-on-distribution-network-availability\/\"><strong>Influence of Renewable Energy Sources on Distribution Network Availability<\/strong><\/a><em><strong><br \/>\n<\/strong> Ana Mikulec, Vladimir Mikuli\u010di\u0107 <\/em><\/td>\n<td style=\"text-align: right;\"><strong>37-48<\/strong><\/td>\n<\/tr>\n<\/tbody>\n<\/table>\n<div class=\"fusion-clearfix\"><\/div>\n\n\t\t\t<\/div>\n\t\t<\/div><\/div><\/div><\/p>\n","protected":false},"excerpt":{"rendered":"","protected":false},"author":1,"featured_media":0,"parent":0,"menu_order":0,"comment_status":"open","ping_status":"open","template":"","meta":[],"_links":{"self":[{"href":"http:\/\/www.etfos.unios.hr\/ijeces\/wp-json\/wp\/v2\/pages\/188"}],"collection":[{"href":"http:\/\/www.etfos.unios.hr\/ijeces\/wp-json\/wp\/v2\/pages"}],"about":[{"href":"http:\/\/www.etfos.unios.hr\/ijeces\/wp-json\/wp\/v2\/types\/page"}],"author":[{"embeddable":true,"href":"http:\/\/www.etfos.unios.hr\/ijeces\/wp-json\/wp\/v2\/users\/1"}],"replies":[{"embeddable":true,"href":"http:\/\/www.etfos.unios.hr\/ijeces\/wp-json\/wp\/v2\/comments?post=188"}],"version-history":[{"count":11,"href":"http:\/\/www.etfos.unios.hr\/ijeces\/wp-json\/wp\/v2\/pages\/188\/revisions"}],"predecessor-version":[{"id":1097,"href":"http:\/\/www.etfos.unios.hr\/ijeces\/wp-json\/wp\/v2\/pages\/188\/revisions\/1097"}],"wp:attachment":[{"href":"http:\/\/www.etfos.unios.hr\/ijeces\/wp-json\/wp\/v2\/media?parent=188"}],"curies":[{"name":"wp","href":"https:\/\/api.w.org\/{rel}","templated":true}]}}