{"id":200,"date":"2015-02-16T08:08:50","date_gmt":"2015-02-16T08:08:50","guid":{"rendered":"http:\/\/www.etfos.unios.hr\/ijeces-test\/?page_id=200"},"modified":"2017-03-23T08:04:45","modified_gmt":"2017-03-23T08:04:45","slug":"vol-2-no-2-2011","status":"publish","type":"page","link":"http:\/\/www.etfos.unios.hr\/ijeces\/vol-2-no-2-2011\/","title":{"rendered":"Vol 2, No 2 (2011)"},"content":{"rendered":"<p><div  class=\"fusion-fullwidth fullwidth-box nonhundred-percent-fullwidth\"  style='background-color: rgba(255,255,255,0);background-position: left top;background-repeat: no-repeat;padding-top:20px;padding-right:0px;padding-bottom:20px;padding-left:0px;border-top-width:0px;border-bottom-width:0px;border-color:#eae9e9;border-top-style:;border-bottom-style:;'><div class=\"fusion-builder-row fusion-row \"><div  class=\"fusion-layout-column fusion_builder_column fusion_builder_column_1_1  fusion-one-full fusion-column-first fusion-column-last fusion-column-no-min-height 1_1\"  style='margin-top:0px;margin-bottom:0px;'>\n\t\t\t<div class=\"fusion-column-wrapper\" style=\"background-position:left top;background-repeat:no-repeat;-webkit-background-size:cover;-moz-background-size:cover;-o-background-size:cover;background-size:cover;\"  data-bg-url=\"\">\n\t\t\t\t<div class=\"fusion-title title fusion-title-size-two\" style=\"margin-top:0px;margin-bottom:31px;\"><h2 class=\"title-heading-left\">Vol 2, No 2<\/h2><div class=\"title-sep-container\"><div class=\"title-sep sep-single sep-dashed\" style=\"border-color:#1e73be;\"><\/div><\/div><\/div><div class=\"fusion-clearfix\"><\/div>\n\n\t\t\t<\/div>\n\t\t<\/div><\/div><\/div><div  class=\"fusion-fullwidth fullwidth-box hundred-percent-fullwidth\"  style='background-color: rgba(255,255,255,0);background-position: center center;background-repeat: no-repeat;padding-top:0px;padding-right:0px;padding-bottom:0px;padding-left:0px;'><div class=\"fusion-builder-row fusion-row \"><div  class=\"fusion-layout-column fusion_builder_column fusion_builder_column_1_3  fusion-one-third fusion-column-first 1_3\"  style='margin-top:0px;margin-bottom:20px;width:30.6666%; margin-right: 4%;'>\n\t\t\t<div class=\"fusion-column-wrapper\" style=\"background-position:left top;background-repeat:no-repeat;-webkit-background-size:cover;-moz-background-size:cover;-o-background-size:cover;background-size:cover;\"  data-bg-url=\"\">\n\t\t\t\t<span class=\"fusion-imageframe imageframe-none imageframe-1 hover-type-none\"><img loading=\"lazy\" src=\"http:\/\/www.etfos.unios.hr\/ijeces\/wp-content\/uploads\/2015\/02\/0202-295x300.jpeg\" width=\"295\" height=\"300\" alt=\"\" title=\"0202\" class=\"img-responsive wp-image-219\"\/><\/span><div class=\"fusion-clearfix\"><\/div>\n\n\t\t\t<\/div>\n\t\t<\/div><div  class=\"fusion-layout-column fusion_builder_column fusion_builder_column_2_3  fusion-two-third fusion-column-last 2_3\"  style='margin-top:0px;margin-bottom:20px;width:65.3333%'>\n\t\t\t<div class=\"fusion-column-wrapper\" style=\"background-position:left top;background-repeat:no-repeat;-webkit-background-size:cover;-moz-background-size:cover;-o-background-size:cover;background-size:cover;\"  data-bg-url=\"\">\n\t\t\t\t<table style=\"height: 200px;\" border=\"0\" width=\"731\">\n<tbody>\n<tr>\n<td width=\"44\"><a href=\"http:\/\/www.etfos.unios.hr\/ijeces\/wp-content\/uploads\/pappers\/ijeces_vol_2_no_2_01.pdf\" target=\"_blank\"><div class=\"alignleft\"><i class=\"fa fontawesome-icon fa-download circle-yes\" style=\"background-color:#1e73be;font-size:8.8px;line-height:17.6px;height:17.6px;width:17.6px;margin-right:5px;color:#ffffff;\"><\/i><\/div><\/a><\/td>\n<td width=\"500\"><strong><a title=\"Stability Testing of a Small Biogas Plant in Electric Power System\" href=\"http:\/\/www.etfos.unios.hr\/ijeces\/vol-2-no-2-2011\/stability-testing-of-a-small-biogas-plant-in-electric-power-system\/\">Stability Testing of a Small Biogas Plant in Electric Power System<\/a><br \/>\n<\/strong><em>Vedrana Jerkovi\u0107, \u017deljko \u0160poljari\u0107, Damir \u0160ljivac <\/em><\/td>\n<td style=\"text-align: right;\" width=\"37\"><strong>49-54<\/strong><\/td>\n<\/tr>\n<tr>\n<td><a href=\"http:\/\/www.etfos.unios.hr\/ijeces\/wp-content\/uploads\/pappers\/ijeces_vol_2_no_2_02.pdf\" target=\"_blank\"><div class=\"alignleft\"><i class=\"fa fontawesome-icon fa-download circle-yes\" style=\"background-color:#1e73be;font-size:8.8px;line-height:17.6px;height:17.6px;width:17.6px;margin-right:5px;color:#ffffff;\"><\/i><\/div><\/a><\/td>\n<td><strong><a title=\"Induced Overvoltages on the SF6 Substation Enclosure Caused by Switching\" href=\"http:\/\/www.etfos.unios.hr\/ijeces\/vol-2-no-2-2011\/induced-overvoltages-on-the-sf6-substation-enclosure-caused-by-switching\/\">Induced Overvoltages on the SF6 Substation Enclosure Caused by Switching<\/a><br \/>\n<\/strong><em>Stjepan Jonjic, Zoran Baus, Marinko Barukcic <\/em><\/td>\n<td style=\"text-align: right;\"><strong>55-65<\/strong><\/td>\n<\/tr>\n<tr>\n<td><a href=\"http:\/\/www.etfos.unios.hr\/ijeces\/wp-content\/uploads\/pappers\/ijeces_vol_2_no_2_03.pdf\" target=\"_blank\"><div class=\"alignleft\"><i class=\"fa fontawesome-icon fa-download circle-yes\" style=\"background-color:#1e73be;font-size:8.8px;line-height:17.6px;height:17.6px;width:17.6px;margin-right:5px;color:#ffffff;\"><\/i><\/div><\/a><\/td>\n<td><a title=\"The Impact of New Technological Solutions on Power System Process Information\" href=\"http:\/\/www.etfos.unios.hr\/ijeces\/vol-2-no-2-2011\/the-impact-of-new-technological-solutions-on-power-system-process-information\/\"><strong>The <\/strong><strong>Impact of New Technological Solutions on Power System Process Information<\/strong><\/a><strong><br \/>\n<\/strong><em>Vibor Bela\u0161i\u0107, Aleksandra Kalini\u0107, Juraj \u0160imuni\u0107<\/em><\/td>\n<td style=\"text-align: right;\"><strong>67-75<\/strong><\/td>\n<\/tr>\n<tr>\n<td><a href=\"http:\/\/www.etfos.unios.hr\/ijeces\/wp-content\/uploads\/pappers\/ijeces_vol_2_no_2_04.pdf\" target=\"_blank\"><div class=\"alignleft\"><i class=\"fa fontawesome-icon fa-download circle-yes\" style=\"background-color:#1e73be;font-size:8.8px;line-height:17.6px;height:17.6px;width:17.6px;margin-right:5px;color:#ffffff;\"><\/i><\/div><\/a><\/td>\n<td><a title=\"CHP and CCHP systems today\" href=\"http:\/\/www.etfos.unios.hr\/ijeces\/vol-2-no-2-2011\/chp-and-cchp-systems-today\/\"><strong>CHP and CCHP systems today<\/strong><\/a><em><a title=\"CHP and CCHP systems today\" href=\"http:\/\/www.etfos.unios.hr\/ijeces\/vol-2-no-2-2011\/chp-and-cchp-systems-today\/\"><strong><br \/>\n<\/strong><\/a>Marinko Stojkov, Emil Hnatko, Milan Kljajin, Marija \u017divi\u0107, Krunoslav Hornung <\/em><\/td>\n<td style=\"text-align: right;\"><strong>75-79<\/strong><\/td>\n<\/tr>\n<tr>\n<td><a href=\"http:\/\/www.etfos.unios.hr\/ijeces\/wp-content\/uploads\/pappers\/ijeces_vol_2_no_2_05.pdf\" target=\"_blank\"><div class=\"alignleft\"><i class=\"fa fontawesome-icon fa-download circle-yes\" style=\"background-color:#1e73be;font-size:8.8px;line-height:17.6px;height:17.6px;width:17.6px;margin-right:5px;color:#ffffff;\"><\/i><\/div><\/a><\/td>\n<td><a title=\"Measuring Electric Power Quality of Renewable Energy Sources\" href=\"http:\/\/www.etfos.unios.hr\/ijeces\/vol-2-no-2-2011\/measuring-electric-power-quality-of-renewable-energy-sources\/\"><strong>Measuring Electric Power Quality of Renewable Energy Sources<\/strong><\/a><em><a title=\"Measuring Electric Power Quality of Renewable Energy Sources\" href=\"http:\/\/www.etfos.unios.hr\/ijeces\/vol-2-no-2-2011\/measuring-electric-power-quality-of-renewable-energy-sources\/\"><strong><br \/>\n<\/strong><\/a>Alen Dejanovi\u0107, Matija Babi\u0107<\/em><\/td>\n<td style=\"text-align: right;\"><strong>81-88<\/strong><\/td>\n<\/tr>\n<\/tbody>\n<\/table>\n<div class=\"fusion-clearfix\"><\/div>\n\n\t\t\t<\/div>\n\t\t<\/div><\/div><\/div><\/p>\n","protected":false},"excerpt":{"rendered":"","protected":false},"author":2,"featured_media":0,"parent":0,"menu_order":0,"comment_status":"open","ping_status":"open","template":"","meta":[],"_links":{"self":[{"href":"http:\/\/www.etfos.unios.hr\/ijeces\/wp-json\/wp\/v2\/pages\/200"}],"collection":[{"href":"http:\/\/www.etfos.unios.hr\/ijeces\/wp-json\/wp\/v2\/pages"}],"about":[{"href":"http:\/\/www.etfos.unios.hr\/ijeces\/wp-json\/wp\/v2\/types\/page"}],"author":[{"embeddable":true,"href":"http:\/\/www.etfos.unios.hr\/ijeces\/wp-json\/wp\/v2\/users\/2"}],"replies":[{"embeddable":true,"href":"http:\/\/www.etfos.unios.hr\/ijeces\/wp-json\/wp\/v2\/comments?post=200"}],"version-history":[{"count":9,"href":"http:\/\/www.etfos.unios.hr\/ijeces\/wp-json\/wp\/v2\/pages\/200\/revisions"}],"predecessor-version":[{"id":1096,"href":"http:\/\/www.etfos.unios.hr\/ijeces\/wp-json\/wp\/v2\/pages\/200\/revisions\/1096"}],"wp:attachment":[{"href":"http:\/\/www.etfos.unios.hr\/ijeces\/wp-json\/wp\/v2\/media?parent=200"}],"curies":[{"name":"wp","href":"https:\/\/api.w.org\/{rel}","templated":true}]}}