{"id":206,"date":"2015-02-16T08:35:35","date_gmt":"2015-02-16T08:35:35","guid":{"rendered":"http:\/\/www.etfos.unios.hr\/ijeces-test\/?page_id=206"},"modified":"2017-03-23T08:04:45","modified_gmt":"2017-03-23T08:04:45","slug":"vol-3-no-1-2012","status":"publish","type":"page","link":"http:\/\/www.etfos.unios.hr\/ijeces\/vol-3-no-1-2012\/","title":{"rendered":"Vol 3, No 1 (2012)"},"content":{"rendered":"<p><div  class=\"fusion-fullwidth fullwidth-box nonhundred-percent-fullwidth\"  style='background-color: rgba(255,255,255,0);background-position: left top;background-repeat: no-repeat;padding-top:20px;padding-right:0px;padding-bottom:20px;padding-left:0px;border-top-width:0px;border-bottom-width:0px;border-color:#eae9e9;border-top-style:;border-bottom-style:;'><div class=\"fusion-builder-row fusion-row \"><div  class=\"fusion-layout-column fusion_builder_column fusion_builder_column_1_1  fusion-one-full fusion-column-first fusion-column-last fusion-column-no-min-height 1_1\"  style='margin-top:0px;margin-bottom:0px;'>\n\t\t\t<div class=\"fusion-column-wrapper\" style=\"background-position:left top;background-repeat:no-repeat;-webkit-background-size:cover;-moz-background-size:cover;-o-background-size:cover;background-size:cover;\"  data-bg-url=\"\">\n\t\t\t\t<div class=\"fusion-title title fusion-title-size-two\" style=\"margin-top:0px;margin-bottom:31px;\"><h2 class=\"title-heading-left\">Vol 3, No 1<\/h2><div class=\"title-sep-container\"><div class=\"title-sep sep-single sep-dashed\" style=\"border-color:#1e73be;\"><\/div><\/div><\/div><div class=\"fusion-clearfix\"><\/div>\n\n\t\t\t<\/div>\n\t\t<\/div><\/div><\/div><div  class=\"fusion-fullwidth fullwidth-box hundred-percent-fullwidth\"  style='background-color: rgba(255,255,255,0);background-position: center center;background-repeat: no-repeat;padding-top:0px;padding-right:0px;padding-bottom:0px;padding-left:0px;'><div class=\"fusion-builder-row fusion-row \"><div  class=\"fusion-layout-column fusion_builder_column fusion_builder_column_1_3  fusion-one-third fusion-column-first 1_3\"  style='margin-top:0px;margin-bottom:20px;width:30.6666%; margin-right: 4%;'>\n\t\t\t<div class=\"fusion-column-wrapper\" style=\"background-position:left top;background-repeat:no-repeat;-webkit-background-size:cover;-moz-background-size:cover;-o-background-size:cover;background-size:cover;\"  data-bg-url=\"\">\n\t\t\t\t<span class=\"fusion-imageframe imageframe-none imageframe-1 hover-type-none\"><img loading=\"lazy\" src=\"http:\/\/www.etfos.unios.hr\/ijeces\/wp-content\/uploads\/2015\/02\/0301-295x300.jpg\" width=\"295\" height=\"300\" alt=\"\" title=\"0301\" class=\"img-responsive wp-image-213\"\/><\/span><div class=\"fusion-clearfix\"><\/div>\n\n\t\t\t<\/div>\n\t\t<\/div><div  class=\"fusion-layout-column fusion_builder_column fusion_builder_column_2_3  fusion-two-third fusion-column-last 2_3\"  style='margin-top:0px;margin-bottom:20px;width:65.3333%'>\n\t\t\t<div class=\"fusion-column-wrapper\" style=\"background-position:left top;background-repeat:no-repeat;-webkit-background-size:cover;-moz-background-size:cover;-o-background-size:cover;background-size:cover;\"  data-bg-url=\"\">\n\t\t\t\t<table style=\"height: 200px;\" border=\"0\" width=\"731\">\n<tbody>\n<tr>\n<td width=\"44\"><a href=\"http:\/\/www.etfos.unios.hr\/ijeces\/wp-content\/uploads\/pappers\/ijeces_vol_3_no_1_01.pdf\" target=\"_blank\"><div class=\"alignleft\"><i class=\"fa fontawesome-icon fa-download circle-yes\" style=\"background-color:#1e73be;font-size:8.8px;line-height:17.6px;height:17.6px;width:17.6px;margin-right:5px;color:#ffffff;\"><\/i><\/div><\/a><\/td>\n<td width=\"500\"><strong><a title=\"Cost-effective Ethernet Communication for Low Cost Microcontroller Architecture\" href=\"http:\/\/www.etfos.unios.hr\/ijeces\/vol-3-no-1-2012\/cost-effective-ethernet-communication-for-low-cost-microcontroller-architecture\/\">Cost-effective Ethernet Communication for Low Cost Microcontroller Architecture<\/a><br \/>\n<\/strong><em>Goran Horvat, Damir \u0160o\u0161tari\u0107, Zoran Balki\u0107 <\/em><\/td>\n<td style=\"text-align: right;\" width=\"37\"><strong>1-8<\/strong><\/td>\n<\/tr>\n<tr>\n<td><a href=\"http:\/\/www.etfos.unios.hr\/ijeces\/wp-content\/uploads\/pappers\/ijeces_vol_3_no_1_02.pdf\" target=\"_blank\"><div class=\"alignleft\"><i class=\"fa fontawesome-icon fa-download circle-yes\" style=\"background-color:#1e73be;font-size:8.8px;line-height:17.6px;height:17.6px;width:17.6px;margin-right:5px;color:#ffffff;\"><\/i><\/div><\/a><\/td>\n<td><strong><a title=\"Undergraduate Engineering Students\u2019 Conceptual and Procedural Knowledge of Wave Phenomena\" href=\"http:\/\/www.etfos.unios.hr\/ijeces\/vol-3-no-1-2012\/undergraduate-engineering-students-conceptual-and-procedural-knowledge-of-wave-phenomena\/\">Undergraduate Engineering Students\u2019 Conceptual and Procedural Knowledge of Wave Phenomena<\/a><br \/>\n<\/strong><em>\u017deljka Miokovi\u0107, Sanda Varvodi\u0107, Vanja Radoli\u0107 <\/em><\/td>\n<td style=\"text-align: right;\"><strong>9-23<\/strong><\/td>\n<\/tr>\n<tr>\n<td><a href=\"http:\/\/www.etfos.unios.hr\/ijeces\/wp-content\/uploads\/pappers\/ijeces_vol_3_no_1_03.pdf\" target=\"_blank\"><div class=\"alignleft\"><i class=\"fa fontawesome-icon fa-download circle-yes\" style=\"background-color:#1e73be;font-size:8.8px;line-height:17.6px;height:17.6px;width:17.6px;margin-right:5px;color:#ffffff;\"><\/i><\/div><\/a><\/td>\n<td><a title=\"Mass Flow Meter Analysis for Reliable Measuring\" href=\"http:\/\/www.etfos.unios.hr\/ijeces\/vol-3-no-1-2012\/the-mass-flow-meter-analysis-for-reliable-measuring\/\"><strong>The <\/strong><\/a><strong><a title=\"Mass Flow Meter Analysis for Reliable Measuring\" href=\"http:\/\/www.etfos.unios.hr\/ijeces\/vol-3-no-1-2012\/the-mass-flow-meter-analysis-for-reliable-measuring\/\">Mass Flow Meter Analysis for Reliable Measuring<\/a><br \/>\n<\/strong><em>Tihomir Kupanovac, \u017deljko \u0160poljari\u0107, Zdravko Valter <\/em><\/td>\n<td style=\"text-align: right;\"><strong>25-30<\/strong><\/td>\n<\/tr>\n<tr>\n<td><a href=\"http:\/\/www.etfos.unios.hr\/ijeces\/wp-content\/uploads\/pappers\/ijeces_vol_3_no_1_04.pdf\" target=\"_blank\"><div class=\"alignleft\"><i class=\"fa fontawesome-icon fa-download circle-yes\" style=\"background-color:#1e73be;font-size:8.8px;line-height:17.6px;height:17.6px;width:17.6px;margin-right:5px;color:#ffffff;\"><\/i><\/div><\/a><\/td>\n<td><a title=\"Solar Energy Potential in Pannonian Part of Serbia and Croatia\" href=\"http:\/\/www.etfos.unios.hr\/ijeces\/vol-3-no-1-2012\/solar-energy-potential-in-pannonian-part-of-serbia-and-croatia\/\"><strong>Solar Energy Potential in Pannonian Part of Serbia and Croatia<\/strong><\/a><em><a title=\"Solar Energy Potential in Pannonian Part of Serbia and Croatia\" href=\"http:\/\/www.etfos.unios.hr\/ijeces\/vol-3-no-1-2012\/solar-energy-potential-in-pannonian-part-of-serbia-and-croatia\/\"><strong><br \/>\n<\/strong><\/a>Branka Nakom\u010di\u0107-Smaragdakis, Damir \u0160ljivac, Vladimir Kati\u0107, Tijana Staji\u0107, Zoran \u010cepi\u0107, Danijel Topi\u0107, Marko Vukobratovi\u0107 <\/em><\/td>\n<td style=\"text-align: right;\"><strong>31-39<\/strong><\/td>\n<\/tr>\n<tr>\n<td><a href=\"http:\/\/www.etfos.unios.hr\/ijeces\/wp-content\/uploads\/pappers\/ijeces_vol_3_no_1_05.pdf\" target=\"_blank\"><div class=\"alignleft\"><i class=\"fa fontawesome-icon fa-download circle-yes\" style=\"background-color:#1e73be;font-size:8.8px;line-height:17.6px;height:17.6px;width:17.6px;margin-right:5px;color:#ffffff;\"><\/i><\/div><\/a><\/td>\n<td><strong><a title=\"Determination of damage in transparent optically active materials by using polarized light and the Sobel operator\" href=\"http:\/\/www.etfos.unios.hr\/ijeces\/vol-3-no-1-2012\/determination-of-damage-in-transparent-optically-active-materials-by-using-polarized-light-and-the-sobel-operator\/\">Determination of damage in transparent optically active materials by using polarized light and the Sobel operator<\/a><br \/>\n<\/strong><em>Silvija Gali\u0107, Dubravka \u0160piranovi\u0107-Kani\u017eaj, Alfonzo Baumgartner <\/em><\/td>\n<td style=\"text-align: right;\"><strong>41-46<\/strong><\/td>\n<\/tr>\n<\/tbody>\n<\/table>\n<div class=\"fusion-clearfix\"><\/div>\n\n\t\t\t<\/div>\n\t\t<\/div><\/div><\/div><\/p>\n","protected":false},"excerpt":{"rendered":"","protected":false},"author":2,"featured_media":0,"parent":0,"menu_order":0,"comment_status":"open","ping_status":"open","template":"","meta":[],"_links":{"self":[{"href":"http:\/\/www.etfos.unios.hr\/ijeces\/wp-json\/wp\/v2\/pages\/206"}],"collection":[{"href":"http:\/\/www.etfos.unios.hr\/ijeces\/wp-json\/wp\/v2\/pages"}],"about":[{"href":"http:\/\/www.etfos.unios.hr\/ijeces\/wp-json\/wp\/v2\/types\/page"}],"author":[{"embeddable":true,"href":"http:\/\/www.etfos.unios.hr\/ijeces\/wp-json\/wp\/v2\/users\/2"}],"replies":[{"embeddable":true,"href":"http:\/\/www.etfos.unios.hr\/ijeces\/wp-json\/wp\/v2\/comments?post=206"}],"version-history":[{"count":7,"href":"http:\/\/www.etfos.unios.hr\/ijeces\/wp-json\/wp\/v2\/pages\/206\/revisions"}],"predecessor-version":[{"id":1095,"href":"http:\/\/www.etfos.unios.hr\/ijeces\/wp-json\/wp\/v2\/pages\/206\/revisions\/1095"}],"wp:attachment":[{"href":"http:\/\/www.etfos.unios.hr\/ijeces\/wp-json\/wp\/v2\/media?parent=206"}],"curies":[{"name":"wp","href":"https:\/\/api.w.org\/{rel}","templated":true}]}}