{"id":2272,"date":"2019-12-23T10:50:28","date_gmt":"2019-12-23T10:50:28","guid":{"rendered":"http:\/\/www.etfos.unios.hr\/ijeces\/?page_id=2272"},"modified":"2019-12-23T10:50:28","modified_gmt":"2019-12-23T10:50:28","slug":"vol-10-no-1-2019","status":"publish","type":"page","link":"http:\/\/www.etfos.unios.hr\/ijeces\/vol-10-no-1-2019\/","title":{"rendered":"Vol 10, No 1 (2019)"},"content":{"rendered":"<div  class=\"fusion-fullwidth fullwidth-box nonhundred-percent-fullwidth\"  style='background-color: rgba(255,255,255,0);background-position: left top;background-repeat: no-repeat;padding-top:20px;padding-right:0px;padding-bottom:20px;padding-left:0px;border-top-width:0px;border-bottom-width:0px;border-color:#eae9e9;border-top-style:;border-bottom-style:;'><div class=\"fusion-builder-row fusion-row \"><div  class=\"fusion-layout-column fusion_builder_column fusion_builder_column_1_1  fusion-one-full fusion-column-first fusion-column-last fusion-column-no-min-height 1_1\"  style='margin-top:0px;margin-bottom:0px;width:100%'>\n\t\t\t<div class=\"fusion-column-wrapper\" style=\"background-position:left top;background-repeat:no-repeat;-webkit-background-size:cover;-moz-background-size:cover;-o-background-size:cover;background-size:cover;\"  data-bg-url=\"\">\n\t\t\t\t<div class=\"fusion-title title fusion-title-size-two\" style=\"margin-top:0px;margin-bottom:31px;\"><h2 class=\"title-heading-left\">Vol 10, No 1<\/h2><div class=\"title-sep-container\"><div class=\"title-sep sep-single sep-dashed\" style=\"border-color:#1e73be;\"><\/div><\/div><\/div><div class=\"fusion-clearfix\"><\/div>\n\n\t\t\t<\/div>\n\t\t<\/div><\/div><\/div><div  class=\"fusion-fullwidth fullwidth-box hundred-percent-fullwidth\"  style='background-color: rgba(255,255,255,0);background-position: center center;background-repeat: no-repeat;padding-top:0px;padding-right:0px;padding-bottom:0px;padding-left:0px;'><div class=\"fusion-builder-row fusion-row \"><div  class=\"fusion-layout-column fusion_builder_column fusion_builder_column_1_3  fusion-one-third fusion-column-first 1_3\"  style='margin-top:0px;margin-bottom:20px;width:30.6666%; margin-right: 4%;'>\n\t\t\t<div class=\"fusion-column-wrapper\" style=\"background-position:left top;background-repeat:no-repeat;-webkit-background-size:cover;-moz-background-size:cover;-o-background-size:cover;background-size:cover;\"  data-bg-url=\"\">\n\t\t\t\t<span class=\"fusion-imageframe imageframe-none imageframe-1 hover-type-none\"><img loading=\"lazy\" src=\"http:\/\/www.etfos.unios.hr\/ijeces\/wp-content\/covers\/1001.jpg\" width=\"\" height=\"\" alt=\"\" title=\"\" class=\"img-responsive\"\/><\/span><div class=\"fusion-clearfix\"><\/div>\n\n\t\t\t<\/div>\n\t\t<\/div><div  class=\"fusion-layout-column fusion_builder_column fusion_builder_column_2_3  fusion-two-third fusion-column-last 2_3\"  style='margin-top:0px;margin-bottom:20px;width:65.3333%'>\n\t\t\t<div class=\"fusion-column-wrapper\" style=\"background-position:left top;background-repeat:no-repeat;-webkit-background-size:cover;-moz-background-size:cover;-o-background-size:cover;background-size:cover;\"  data-bg-url=\"\">\n\t\t\t\t<table style=\"height: 200px;\" border=\"0\" width=\"731\">\n<tbody>\n<tr>\n<td width=\"44\"><a href=\"http:\/\/www.etfos.unios.hr\/ijeces\/wp-content\/uploads\/2019\/10\/10-01-01.pdf\" target=\"_blank\"><div class=\"alignleft\"><i class=\"fa fontawesome-icon fa-download circle-yes\" style=\"background-color:#1e73be;font-size:8.8px;line-height:17.6px;height:17.6px;width:17.6px;margin-right:5px;color:#ffffff;\"><\/i><\/div><\/a><\/td>\n<td width=\"500\"><strong><a title=\"Novel Voltage Stability Index for Electric Power System Monitoring\" href=\"http:\/\/www.etfos.unios.hr\/ijeces\/papers\/novel-voltage-stability-index-for-electric-power-system-monitoring\/\" target=\"_blank\">Novel Voltage Stability Index for Electric Power System Monitoring<\/a><\/strong><br><em>Aziz Oukennou, Abdelhalim Sandali.<\/em><\/td>\n<td style=\"text-align: right;\" width=\"37\"><strong>1-9<\/strong><\/td>\n<\/tr>\n<tr>\n<td width=\"44\"><a href=\"http:\/\/www.etfos.unios.hr\/ijeces\/wp-content\/uploads\/2019\/09\/10-01-02.pdf\" target=\"_blank\"><div class=\"alignleft\"><i class=\"fa fontawesome-icon fa-download circle-yes\" style=\"background-color:#1e73be;font-size:8.8px;line-height:17.6px;height:17.6px;width:17.6px;margin-right:5px;color:#ffffff;\"><\/i><\/div><\/a><\/td>\n<td width=\"500\"><strong><a title=\"Investigation of Multilevel Inverter for the Next Distributed Generation Using Low-Cost Microcontroller\" href=\"http:\/\/www.etfos.unios.hr\/ijeces\/papers\/investigation-of-multilevel-inverter-for-the-next-distributed-generation-using-low-cost-microcontroller\/\" target=\"_blank\">Investigation of Multilevel Inverter for the Next Distributed Generation Using Low-Cost Microcontroller<\/a><\/strong><br><em>Shamsul Aizam Zulkifli, Epha Yusriyanna Riyandra, Suriana Salimin, Ahmed Naji Zaidan, Ronald Jackson.<\/em><\/td>\n<td style=\"text-align: right;\" width=\"37\"><strong>11-18<\/strong><\/td>\n<\/tr>\n<tr>\n<td width=\"44\"><a href=\"http:\/\/www.etfos.unios.hr\/ijeces\/wp-content\/uploads\/2019\/11\/10-01-03.pdf\" target=\"_blank\"><div class=\"alignleft\"><i class=\"fa fontawesome-icon fa-download circle-yes\" style=\"background-color:#1e73be;font-size:8.8px;line-height:17.6px;height:17.6px;width:17.6px;margin-right:5px;color:#ffffff;\"><\/i><\/div><\/a><\/td>\n<td width=\"500\"><strong><a title=\"Development and Validation of a New Measurement Instrument: The Behavioral-Cognitive Internet Security Questionnaire (BCISQ)\" href=\"http:\/\/www.etfos.unios.hr\/ijeces\/papers\/development-and-validation-of-a-new-measurement-instrument-the-behavioral-cognitive-internet-security-questionnaire-bcisq\/\" target=\"_blank\">Development and Validation of a New Measurement Instrument: The Behavioral-Cognitive Internet Security Questionnaire (BCISQ)<\/a><\/strong><br><em>Tena Velki, Kre\u0161imir \u0160oli\u0107.<\/em><\/td>\n<td style=\"text-align: right;\" width=\"37\"><strong>19-24<\/strong><\/td>\n<\/tr>\n<tr>\n<td width=\"44\"><a href=\"http:\/\/www.etfos.unios.hr\/ijeces\/wp-content\/uploads\/2019\/12\/10-01-04.pdf\" target=\"_blank\"><div class=\"alignleft\"><i class=\"fa fontawesome-icon fa-download circle-yes\" style=\"background-color:#1e73be;font-size:8.8px;line-height:17.6px;height:17.6px;width:17.6px;margin-right:5px;color:#ffffff;\"><\/i><\/div><\/a><\/td>\n<td width=\"500\"><strong><a title=\"A Comparison of Bound-Constrained and Positivity-Constrained Optimization Method to Estimate Head Tissue Conductivities by Scalp Voltage Information\" href=\"http:\/\/www.etfos.unios.hr\/ijeces\/papers\/a-comparison-of-bound-constrained-and-positivity-constrained-optimization-method-to-estimate-head-tissue-conductivities-by-scalp-voltage-information\/\" target=\"_blank\">A Comparison of Bound-Constrained and Positivity-Constrained Optimization Method to Estimate Head Tissue Conductivities by Scalp Voltage Information<\/a><\/strong><br><em>Taweechai Ouypornkochagorn, Chollanant Khattiyawech, Natnicha Keatsiritawon.<\/em><\/td>\n<td style=\"text-align: right;\" width=\"37\"><strong>25-33<\/strong><\/td>\n<\/tr>\n<tr>\n<td width=\"44\"><a href=\"http:\/\/www.etfos.unios.hr\/ijeces\/wp-content\/uploads\/2019\/12\/10-01-05.pdf\" target=\"_blank\"><div class=\"alignleft\"><i class=\"fa fontawesome-icon fa-download circle-yes\" style=\"background-color:#1e73be;font-size:8.8px;line-height:17.6px;height:17.6px;width:17.6px;margin-right:5px;color:#ffffff;\"><\/i><\/div><\/a><\/td>\n<td width=\"500\"><strong><a title=\"Development of Real-Time Electromyography Controlled 3D Printed Robot Hand Prototype\" href=\"http:\/\/www.etfos.unios.hr\/ijeces\/papers\/development-of-real-time-electromyography-controlled-3d-printed-robot-hand-prototype-preliminary-communication\/\" target=\"_blank\">Development of Real-Time Electromyography Controlled 3D Printed Robot Hand Prototype<\/a><\/strong><br><em>Mohamad Aizat Abdul Wahit, Fatimahtul Zahrah Romzi, Siti Anom Ahmad, Mohd Hamiruce Marhaban, Wada Chikamune.<\/em><\/td>\n<td style=\"text-align: right;\" width=\"37\"><strong>35-44<\/strong><\/td>\n<\/tr>\n<\/tbody>\n<\/table>\n<div class=\"fusion-clearfix\"><\/div>\n\n\t\t\t<\/div>\n\t\t<\/div><\/div><\/div>\n","protected":false},"excerpt":{"rendered":"","protected":false},"author":2,"featured_media":0,"parent":0,"menu_order":0,"comment_status":"closed","ping_status":"closed","template":"","meta":[],"_links":{"self":[{"href":"http:\/\/www.etfos.unios.hr\/ijeces\/wp-json\/wp\/v2\/pages\/2272"}],"collection":[{"href":"http:\/\/www.etfos.unios.hr\/ijeces\/wp-json\/wp\/v2\/pages"}],"about":[{"href":"http:\/\/www.etfos.unios.hr\/ijeces\/wp-json\/wp\/v2\/types\/page"}],"author":[{"embeddable":true,"href":"http:\/\/www.etfos.unios.hr\/ijeces\/wp-json\/wp\/v2\/users\/2"}],"replies":[{"embeddable":true,"href":"http:\/\/www.etfos.unios.hr\/ijeces\/wp-json\/wp\/v2\/comments?post=2272"}],"version-history":[{"count":1,"href":"http:\/\/www.etfos.unios.hr\/ijeces\/wp-json\/wp\/v2\/pages\/2272\/revisions"}],"predecessor-version":[{"id":2273,"href":"http:\/\/www.etfos.unios.hr\/ijeces\/wp-json\/wp\/v2\/pages\/2272\/revisions\/2273"}],"wp:attachment":[{"href":"http:\/\/www.etfos.unios.hr\/ijeces\/wp-json\/wp\/v2\/media?parent=2272"}],"curies":[{"name":"wp","href":"https:\/\/api.w.org\/{rel}","templated":true}]}}