{"id":230,"date":"2015-02-16T09:14:18","date_gmt":"2015-02-16T09:14:18","guid":{"rendered":"http:\/\/www.etfos.unios.hr\/ijeces-test\/?page_id=230"},"modified":"2017-03-23T08:04:45","modified_gmt":"2017-03-23T08:04:45","slug":"vol-4-no-2-2013","status":"publish","type":"page","link":"http:\/\/www.etfos.unios.hr\/ijeces\/vol-4-no-2-2013\/","title":{"rendered":"Vol 4, No 2 (2013)"},"content":{"rendered":"<p><div  class=\"fusion-fullwidth fullwidth-box nonhundred-percent-fullwidth\"  style='background-color: rgba(255,255,255,0);background-position: left top;background-repeat: no-repeat;padding-top:20px;padding-right:0px;padding-bottom:20px;padding-left:0px;border-top-width:0px;border-bottom-width:0px;border-color:#eae9e9;border-top-style:;border-bottom-style:;'><div class=\"fusion-builder-row fusion-row \"><div  class=\"fusion-layout-column fusion_builder_column fusion_builder_column_1_1  fusion-one-full fusion-column-first fusion-column-last fusion-column-no-min-height 1_1\"  style='margin-top:0px;margin-bottom:0px;'>\n\t\t\t<div class=\"fusion-column-wrapper\" style=\"background-position:left top;background-repeat:no-repeat;-webkit-background-size:cover;-moz-background-size:cover;-o-background-size:cover;background-size:cover;\"  data-bg-url=\"\">\n\t\t\t\t<div class=\"fusion-title title fusion-title-size-two\" style=\"margin-top:0px;margin-bottom:31px;\"><h2 class=\"title-heading-left\">Vol 4, No 2<\/h2><div class=\"title-sep-container\"><div class=\"title-sep sep-single sep-dashed\" style=\"border-color:#1e73be;\"><\/div><\/div><\/div><div class=\"fusion-clearfix\"><\/div>\n\n\t\t\t<\/div>\n\t\t<\/div><\/div><\/div><div  class=\"fusion-fullwidth fullwidth-box hundred-percent-fullwidth\"  style='background-color: rgba(255,255,255,0);background-position: center center;background-repeat: no-repeat;padding-top:0px;padding-right:0px;padding-bottom:0px;padding-left:0px;'><div class=\"fusion-builder-row fusion-row \"><div  class=\"fusion-layout-column fusion_builder_column fusion_builder_column_1_3  fusion-one-third fusion-column-first 1_3\"  style='margin-top:0px;margin-bottom:20px;width:30.6666%; margin-right: 4%;'>\n\t\t\t<div class=\"fusion-column-wrapper\" style=\"background-position:left top;background-repeat:no-repeat;-webkit-background-size:cover;-moz-background-size:cover;-o-background-size:cover;background-size:cover;\"  data-bg-url=\"\">\n\t\t\t\t<span class=\"fusion-imageframe imageframe-none imageframe-1 hover-type-none\"><img loading=\"lazy\" src=\"http:\/\/www.etfos.unios.hr\/ijeces\/wp-content\/uploads\/2015\/02\/0402-295x300.jpg\" width=\"295\" height=\"300\" alt=\"\" title=\"0402\" class=\"img-responsive wp-image-231\"\/><\/span><div class=\"fusion-clearfix\"><\/div>\n\n\t\t\t<\/div>\n\t\t<\/div><div  class=\"fusion-layout-column fusion_builder_column fusion_builder_column_2_3  fusion-two-third fusion-column-last 2_3\"  style='margin-top:0px;margin-bottom:20px;width:65.3333%'>\n\t\t\t<div class=\"fusion-column-wrapper\" style=\"background-position:left top;background-repeat:no-repeat;-webkit-background-size:cover;-moz-background-size:cover;-o-background-size:cover;background-size:cover;\"  data-bg-url=\"\">\n\t\t\t\t<table style=\"height: 200px;\" border=\"0\" width=\"731\">\n<tbody>\n<tr>\n<td width=\"44\"><a href=\"http:\/\/www.etfos.unios.hr\/ijeces\/wp-content\/uploads\/pappers\/ijeces_vol_4_no_2_01.pdf\" target=\"_blank\"><div class=\"alignleft\"><i class=\"fa fontawesome-icon fa-download circle-yes\" style=\"background-color:#1e73be;font-size:8.8px;line-height:17.6px;height:17.6px;width:17.6px;margin-right:5px;color:#ffffff;\"><\/i><\/div><\/a><\/td>\n<td width=\"500\"><strong><a title=\"Conductivity of pressboard for HVDC insulation systems\" href=\"http:\/\/www.etfos.unios.hr\/ijeces\/vol-4-no-2-2013\/conductivity-of-pressboard-for-hvdc-insulation-systems\/\">Conductivity of pressboard for HVDC insulation systems<\/a><br \/>\n<\/strong><em>Fabian Schober, Stephan Harrer, Andreas K\u00fcchler, Frank Berger, Marcus Liebschner, Christoph Krause, Wolfgang Exner <\/em><\/td>\n<td style=\"text-align: right;\" width=\"37\"><strong>35-41<\/strong><\/td>\n<\/tr>\n<tr>\n<td><a href=\"http:\/\/www.etfos.unios.hr\/ijeces\/wp-content\/uploads\/pappers\/ijeces_vol_4_no_2_02.pdf\" target=\"_blank\"><div class=\"alignleft\"><i class=\"fa fontawesome-icon fa-download circle-yes\" style=\"background-color:#1e73be;font-size:8.8px;line-height:17.6px;height:17.6px;width:17.6px;margin-right:5px;color:#ffffff;\"><\/i><\/div><\/a><\/td>\n<td><strong><a title=\"Anglicisms in Electrical Engineering Terminology\" href=\"http:\/\/www.etfos.unios.hr\/ijeces\/vol-4-no-2-2013\/anglicisms-in-electrical-engineering-terminology\/\">Anglicisms in Electrical Engineering Terminology<\/a><br \/>\n<\/strong><em>Yvonne Liermann &#8211; Zeljak<\/em><\/td>\n<td style=\"text-align: right;\"><strong>43-53<\/strong><\/td>\n<\/tr>\n<tr>\n<td><a href=\"http:\/\/www.etfos.unios.hr\/ijeces\/wp-content\/uploads\/pappers\/ijeces_vol_4_no_2_03.pdf\" target=\"_blank\"><div class=\"alignleft\"><i class=\"fa fontawesome-icon fa-download circle-yes\" style=\"background-color:#1e73be;font-size:8.8px;line-height:17.6px;height:17.6px;width:17.6px;margin-right:5px;color:#ffffff;\"><\/i><\/div><\/a><\/td>\n<td><a title=\"The Broadband Infrastructure in the Region of Slavonia and Baranja (Croatia)\" href=\"http:\/\/www.etfos.unios.hr\/ijeces\/vol-4-no-2-2013\/the-broadband-infrastructure-in-the-region-of-slavonia-and-baranja-croatia\/\"><strong>The <\/strong><\/a><strong><a title=\"The Broadband Infrastructure in the Region of Slavonia and Baranja (Croatia)\" href=\"http:\/\/www.etfos.unios.hr\/ijeces\/vol-4-no-2-2013\/the-broadband-infrastructure-in-the-region-of-slavonia-and-baranja-croatia\/\">Broadband Infrastructure in the Region of Slavonia and Baranja (Croatia)<\/a><br \/>\n<\/strong><em>Dalibor Mesari\u0107, Franjo Ambro\u0161, Milan Ivanovi\u0107 <\/em><\/td>\n<td style=\"text-align: right;\"><strong>55-61<\/strong><\/td>\n<\/tr>\n<tr>\n<td><a href=\"http:\/\/www.etfos.unios.hr\/ijeces\/wp-content\/uploads\/pappers\/ijeces_vol_4_no_2_04.pdf\" target=\"_blank\"><div class=\"alignleft\"><i class=\"fa fontawesome-icon fa-download circle-yes\" style=\"background-color:#1e73be;font-size:8.8px;line-height:17.6px;height:17.6px;width:17.6px;margin-right:5px;color:#ffffff;\"><\/i><\/div><\/a><\/td>\n<td><a title=\"Dynamic Monitoring and Displaying Noise Levels in Populated Areas\" href=\"http:\/\/www.etfos.unios.hr\/ijeces\/vol-4-no-2-2013\/dynamic-monitoring-and-displaying-noise-levels-in-populated-areas\/\"><strong>Dynamic Monitoring and Displaying Noise Levels in Populated Areas<\/strong><\/a><em><a title=\"Dynamic Monitoring and Displaying Noise Levels in Populated Areas\" href=\"http:\/\/www.etfos.unios.hr\/ijeces\/vol-4-no-2-2013\/dynamic-monitoring-and-displaying-noise-levels-in-populated-areas\/\"><strong><br \/>\n<\/strong><\/a>Marija Kova\u010devi\u0107, Dario Povi\u0107, Tomislav Keser, Dalibor Mesari\u0107 <\/em><\/td>\n<td style=\"text-align: right;\"><strong>63-71<\/strong><\/td>\n<\/tr>\n<tr>\n<td><a href=\"http:\/\/www.etfos.unios.hr\/ijeces\/wp-content\/uploads\/pappers\/ijeces_vol_4_no_2_05.pdf\" target=\"_blank\"><div class=\"alignleft\"><i class=\"fa fontawesome-icon fa-download circle-yes\" style=\"background-color:#1e73be;font-size:8.8px;line-height:17.6px;height:17.6px;width:17.6px;margin-right:5px;color:#ffffff;\"><\/i><\/div><\/a><\/td>\n<td><a title=\"Energy Efficiency of Tram Transport in the City of Osijek\" href=\"http:\/\/www.etfos.unios.hr\/ijeces\/vol-4-no-2-2013\/energy-efficiency-of-tram-transport-in-the-city-of-osijek\/\"><strong>Energy Efficiency of Tram Transport in the City of Osijek<\/strong><\/a><em><strong><br \/>\n<\/strong>Hrvoje Glava\u0161, Milan Ivanovi\u0107 <\/em><\/td>\n<td style=\"text-align: right;\"><strong>73-77<\/strong><\/td>\n<\/tr>\n<\/tbody>\n<\/table>\n<div class=\"fusion-clearfix\"><\/div>\n\n\t\t\t<\/div>\n\t\t<\/div><\/div><\/div><\/p>\n","protected":false},"excerpt":{"rendered":"","protected":false},"author":2,"featured_media":0,"parent":0,"menu_order":0,"comment_status":"open","ping_status":"open","template":"","meta":[],"_links":{"self":[{"href":"http:\/\/www.etfos.unios.hr\/ijeces\/wp-json\/wp\/v2\/pages\/230"}],"collection":[{"href":"http:\/\/www.etfos.unios.hr\/ijeces\/wp-json\/wp\/v2\/pages"}],"about":[{"href":"http:\/\/www.etfos.unios.hr\/ijeces\/wp-json\/wp\/v2\/types\/page"}],"author":[{"embeddable":true,"href":"http:\/\/www.etfos.unios.hr\/ijeces\/wp-json\/wp\/v2\/users\/2"}],"replies":[{"embeddable":true,"href":"http:\/\/www.etfos.unios.hr\/ijeces\/wp-json\/wp\/v2\/comments?post=230"}],"version-history":[{"count":8,"href":"http:\/\/www.etfos.unios.hr\/ijeces\/wp-json\/wp\/v2\/pages\/230\/revisions"}],"predecessor-version":[{"id":1091,"href":"http:\/\/www.etfos.unios.hr\/ijeces\/wp-json\/wp\/v2\/pages\/230\/revisions\/1091"}],"wp:attachment":[{"href":"http:\/\/www.etfos.unios.hr\/ijeces\/wp-json\/wp\/v2\/media?parent=230"}],"curies":[{"name":"wp","href":"https:\/\/api.w.org\/{rel}","templated":true}]}}