{"id":235,"date":"2015-02-16T09:18:39","date_gmt":"2015-02-16T09:18:39","guid":{"rendered":"http:\/\/www.etfos.unios.hr\/ijeces-test\/?page_id=235"},"modified":"2017-03-23T08:04:45","modified_gmt":"2017-03-23T08:04:45","slug":"vol-5-no-1-2014","status":"publish","type":"page","link":"http:\/\/www.etfos.unios.hr\/ijeces\/vol-5-no-1-2014\/","title":{"rendered":"Vol 5, No 1 (2014)"},"content":{"rendered":"<p><div  class=\"fusion-fullwidth fullwidth-box nonhundred-percent-fullwidth\"  style='background-color: rgba(255,255,255,0);background-position: left top;background-repeat: no-repeat;padding-top:20px;padding-right:0px;padding-bottom:20px;padding-left:0px;border-top-width:0px;border-bottom-width:0px;border-color:#eae9e9;border-top-style:;border-bottom-style:;'><div class=\"fusion-builder-row fusion-row \"><div  class=\"fusion-layout-column fusion_builder_column fusion_builder_column_1_1  fusion-one-full fusion-column-first fusion-column-last fusion-column-no-min-height 1_1\"  style='margin-top:0px;margin-bottom:0px;'>\n\t\t\t<div class=\"fusion-column-wrapper\" style=\"background-position:left top;background-repeat:no-repeat;-webkit-background-size:cover;-moz-background-size:cover;-o-background-size:cover;background-size:cover;\"  data-bg-url=\"\">\n\t\t\t\t<div class=\"fusion-title title fusion-title-size-two\" style=\"margin-top:0px;margin-bottom:31px;\"><h2 class=\"title-heading-left\">Vol 5, No 1<\/h2><div class=\"title-sep-container\"><div class=\"title-sep sep-single sep-dashed\" style=\"border-color:#1e73be;\"><\/div><\/div><\/div><div class=\"fusion-clearfix\"><\/div>\n\n\t\t\t<\/div>\n\t\t<\/div><\/div><\/div><div  class=\"fusion-fullwidth fullwidth-box hundred-percent-fullwidth\"  style='background-color: rgba(255,255,255,0);background-position: center center;background-repeat: no-repeat;padding-top:0px;padding-right:0px;padding-bottom:0px;padding-left:0px;'><div class=\"fusion-builder-row fusion-row \"><div  class=\"fusion-layout-column fusion_builder_column fusion_builder_column_1_3  fusion-one-third fusion-column-first 1_3\"  style='margin-top:0px;margin-bottom:20px;width:30.6666%; margin-right: 4%;'>\n\t\t\t<div class=\"fusion-column-wrapper\" style=\"background-position:left top;background-repeat:no-repeat;-webkit-background-size:cover;-moz-background-size:cover;-o-background-size:cover;background-size:cover;\"  data-bg-url=\"\">\n\t\t\t\t<span class=\"fusion-imageframe imageframe-none imageframe-1 hover-type-none\"><img loading=\"lazy\" src=\"http:\/\/www.etfos.unios.hr\/ijeces\/wp-content\/uploads\/2015\/02\/0501-295x300.jpg\" width=\"295\" height=\"300\" alt=\"\" title=\"0501\" class=\"img-responsive wp-image-236\"\/><\/span><div class=\"fusion-clearfix\"><\/div>\n\n\t\t\t<\/div>\n\t\t<\/div><div  class=\"fusion-layout-column fusion_builder_column fusion_builder_column_2_3  fusion-two-third fusion-column-last 2_3\"  style='margin-top:0px;margin-bottom:20px;width:65.3333%'>\n\t\t\t<div class=\"fusion-column-wrapper\" style=\"background-position:left top;background-repeat:no-repeat;-webkit-background-size:cover;-moz-background-size:cover;-o-background-size:cover;background-size:cover;\"  data-bg-url=\"\">\n\t\t\t\t<table style=\"height: 200px;\" border=\"0\" width=\"731\">\n<tbody>\n<tr>\n<td width=\"44\"><a href=\"http:\/\/www.etfos.unios.hr\/ijeces\/wp-content\/uploads\/pappers\/ijeces_vol_5_no_1_01.pdf\" target=\"_blank\"><div class=\"alignleft\"><i class=\"fa fontawesome-icon fa-download circle-yes\" style=\"background-color:#1e73be;font-size:8.8px;line-height:17.6px;height:17.6px;width:17.6px;margin-right:5px;color:#ffffff;\"><\/i><\/div><\/a><\/td>\n<td width=\"500\"><strong><a title=\"A Comparison of Several Heuristic Algorithms for Solving High Dimensional Optimization Problems.\" href=\"http:\/\/www.etfos.unios.hr\/ijeces\/vol-5-no-1-2014\/a-comparison-of-several-heuristic-algorithms-for-solving-high-dimensional-optimization-problems\/\">A Comparison of Several Heuristic Algorithms for Solving High Dimensional Optimization Problems<\/a><br \/>\n<\/strong><em>Emmanuel Karlo Nyarko, Robert Cupec, Damir Filko <\/em><\/td>\n<td style=\"text-align: right;\" width=\"37\"><strong>1-8<\/strong><\/td>\n<\/tr>\n<tr>\n<td><a href=\"http:\/\/www.etfos.unios.hr\/ijeces\/wp-content\/uploads\/pappers\/ijeces_vol_5_no_1_02.pdf\" target=\"_blank\"><div class=\"alignleft\"><i class=\"fa fontawesome-icon fa-download circle-yes\" style=\"background-color:#1e73be;font-size:8.8px;line-height:17.6px;height:17.6px;width:17.6px;margin-right:5px;color:#ffffff;\"><\/i><\/div><\/a><\/td>\n<td><strong><a title=\"Creation of Warehouse Models for Different Layout Designs.\" href=\"http:\/\/www.etfos.unios.hr\/ijeces\/vol-5-no-1-2014\/creation-of-warehouse-models-for-different-layout-designs\/\">Creation of Warehouse Models for Different Layout Designs<\/a><br \/>\n<\/strong><em> Mirko K\u00f6hler, Ivica Luki\u0107, Kre\u0161imir Nenadi\u0107 <\/em><\/td>\n<td style=\"text-align: right;\"><strong>9-13<\/strong><\/td>\n<\/tr>\n<tr>\n<td><a href=\"http:\/\/www.etfos.unios.hr\/ijeces\/wp-content\/uploads\/pappers\/ijeces_vol_5_no_1_03.pdf\" target=\"_blank\"><div class=\"alignleft\"><i class=\"fa fontawesome-icon fa-download circle-yes\" style=\"background-color:#1e73be;font-size:8.8px;line-height:17.6px;height:17.6px;width:17.6px;margin-right:5px;color:#ffffff;\"><\/i><\/div><\/a><\/td>\n<td><a title=\"The Relay Protection Coordination for Photovoltaic Power Plant Connected on Distribution Network\" href=\"http:\/\/www.etfos.unios.hr\/ijeces\/vol-5-no-1-2014\/the-relay-protection-coordination-for-photovoltaic-power-plant-connected-on-distribution-network\/\"><strong>The <\/strong><\/a><strong><a title=\"The Relay Protection Coordination for Photovoltaic Power Plant Connected on Distribution Network\" href=\"http:\/\/www.etfos.unios.hr\/ijeces\/vol-5-no-1-2014\/the-relay-protection-coordination-for-photovoltaic-power-plant-connected-on-distribution-network\/\">Relay Protection Coordination for Photovoltaic Power Plant Connected on Distribution Network<\/a><br \/>\n<\/strong><em> Srete N Nikolovski, Vanja Papuga, Goran Kne\u017eevi\u0107, Kre\u0161imir Fekete <\/em><\/td>\n<td style=\"text-align: right;\"><strong>15-20<\/strong><\/td>\n<\/tr>\n<tr>\n<td><a href=\"http:\/\/www.etfos.unios.hr\/ijeces\/wp-content\/uploads\/pappers\/ijeces_vol_5_no_1_04.pdf\" target=\"_blank\"><div class=\"alignleft\"><i class=\"fa fontawesome-icon fa-download circle-yes\" style=\"background-color:#1e73be;font-size:8.8px;line-height:17.6px;height:17.6px;width:17.6px;margin-right:5px;color:#ffffff;\"><\/i><\/div><\/a><\/td>\n<td><a title=\"PV Emulator\" href=\"http:\/\/www.etfos.unios.hr\/ijeces\/vol-5-no-1-2014\/pv-emulator\/\"><strong>PV Emulator<\/strong><\/a><em><a title=\"PV Emulator\" href=\"http:\/\/www.etfos.unios.hr\/ijeces\/vol-5-no-1-2014\/pv-emulator\/\"><strong><br \/>\n<\/strong><\/a> Denis Pelin, Jelena Jukic Antolovic, Vjekoslav Rap\u010dan <\/em><\/td>\n<td style=\"text-align: right;\"><strong>21-26<\/strong><\/td>\n<\/tr>\n<tr>\n<td><a href=\"http:\/\/www.etfos.unios.hr\/ijeces\/wp-content\/uploads\/pappers\/ijeces_vol_5_no_1_05.pdf\" target=\"_blank\"><div class=\"alignleft\"><i class=\"fa fontawesome-icon fa-download circle-yes\" style=\"background-color:#1e73be;font-size:8.8px;line-height:17.6px;height:17.6px;width:17.6px;margin-right:5px;color:#ffffff;\"><\/i><\/div><\/a><\/td>\n<td><a title=\"Development and Implementation of Location Based Native Mobile Application.\" href=\"http:\/\/www.etfos.unios.hr\/ijeces\/vol-5-no-1-2014\/development-and-implementation-of-location-based-native-mobile-application\/\"><strong>Development and Implementation of Location Based Native Mobile Application<\/strong><\/a><em><strong><br \/>\n<\/strong>Zlatko \u010covi\u0107, Dejan Babi\u0107 <\/em><\/td>\n<td style=\"text-align: right;\"><strong>27-31<\/strong><\/td>\n<\/tr>\n<\/tbody>\n<\/table>\n<div class=\"fusion-clearfix\"><\/div>\n\n\t\t\t<\/div>\n\t\t<\/div><\/div><\/div><\/p>\n","protected":false},"excerpt":{"rendered":"","protected":false},"author":2,"featured_media":0,"parent":0,"menu_order":0,"comment_status":"open","ping_status":"open","template":"","meta":[],"_links":{"self":[{"href":"http:\/\/www.etfos.unios.hr\/ijeces\/wp-json\/wp\/v2\/pages\/235"}],"collection":[{"href":"http:\/\/www.etfos.unios.hr\/ijeces\/wp-json\/wp\/v2\/pages"}],"about":[{"href":"http:\/\/www.etfos.unios.hr\/ijeces\/wp-json\/wp\/v2\/types\/page"}],"author":[{"embeddable":true,"href":"http:\/\/www.etfos.unios.hr\/ijeces\/wp-json\/wp\/v2\/users\/2"}],"replies":[{"embeddable":true,"href":"http:\/\/www.etfos.unios.hr\/ijeces\/wp-json\/wp\/v2\/comments?post=235"}],"version-history":[{"count":6,"href":"http:\/\/www.etfos.unios.hr\/ijeces\/wp-json\/wp\/v2\/pages\/235\/revisions"}],"predecessor-version":[{"id":1090,"href":"http:\/\/www.etfos.unios.hr\/ijeces\/wp-json\/wp\/v2\/pages\/235\/revisions\/1090"}],"wp:attachment":[{"href":"http:\/\/www.etfos.unios.hr\/ijeces\/wp-json\/wp\/v2\/media?parent=235"}],"curies":[{"name":"wp","href":"https:\/\/api.w.org\/{rel}","templated":true}]}}