{"id":2614,"date":"2020-06-24T10:52:40","date_gmt":"2020-06-24T10:52:40","guid":{"rendered":"http:\/\/www.etfos.unios.hr\/ijeces\/?page_id=2614"},"modified":"2020-06-24T10:52:40","modified_gmt":"2020-06-24T10:52:40","slug":"vol-11-no-1-2020","status":"publish","type":"page","link":"http:\/\/www.etfos.unios.hr\/ijeces\/vol-11-no-1-2020\/","title":{"rendered":"Vol 11, No 1 (2020)"},"content":{"rendered":"<div  class=\"fusion-fullwidth fullwidth-box nonhundred-percent-fullwidth\"  style='background-color: rgba(255,255,255,0);background-position: left top;background-repeat: no-repeat;padding-top:20px;padding-right:0px;padding-bottom:20px;padding-left:0px;border-top-width:0px;border-bottom-width:0px;border-color:#eae9e9;border-top-style:;border-bottom-style:;'><div class=\"fusion-builder-row fusion-row \"><div  class=\"fusion-layout-column fusion_builder_column fusion_builder_column_1_1  fusion-one-full fusion-column-first fusion-column-last fusion-column-no-min-height 1_1\"  style='margin-top:0px;margin-bottom:0px;width:100%'>\n\t\t\t<div class=\"fusion-column-wrapper\" style=\"background-position:left top;background-repeat:no-repeat;-webkit-background-size:cover;-moz-background-size:cover;-o-background-size:cover;background-size:cover;\"  data-bg-url=\"\">\n\t\t\t\t<div class=\"fusion-title title fusion-title-size-two\" style=\"margin-top:0px;margin-bottom:31px;\"><h2 class=\"title-heading-left\">Vol 11, No 1<\/h2><div class=\"title-sep-container\"><div class=\"title-sep sep-single sep-dashed\" style=\"border-color:#1e73be;\"><\/div><\/div><\/div><div class=\"fusion-clearfix\"><\/div>\n\n\t\t\t<\/div>\n\t\t<\/div><\/div><\/div><div  class=\"fusion-fullwidth fullwidth-box hundred-percent-fullwidth\"  style='background-color: rgba(255,255,255,0);background-position: center center;background-repeat: no-repeat;padding-top:0px;padding-right:0px;padding-bottom:0px;padding-left:0px;'><div class=\"fusion-builder-row fusion-row \"><div  class=\"fusion-layout-column fusion_builder_column fusion_builder_column_1_3  fusion-one-third fusion-column-first 1_3\"  style='margin-top:0px;margin-bottom:20px;width:30.6666%; margin-right: 4%;'>\n\t\t\t<div class=\"fusion-column-wrapper\" style=\"background-position:left top;background-repeat:no-repeat;-webkit-background-size:cover;-moz-background-size:cover;-o-background-size:cover;background-size:cover;\"  data-bg-url=\"\">\n\t\t\t\t<span class=\"fusion-imageframe imageframe-none imageframe-1 hover-type-none\"><img loading=\"lazy\" src=\"http:\/\/www.etfos.unios.hr\/ijeces\/wp-content\/covers\/1101.jpg\" width=\"\" height=\"\" alt=\"\" title=\"\" class=\"img-responsive\"\/><\/span><div class=\"fusion-clearfix\"><\/div>\n\n\t\t\t<\/div>\n\t\t<\/div><div  class=\"fusion-layout-column fusion_builder_column fusion_builder_column_2_3  fusion-two-third fusion-column-last 2_3\"  style='margin-top:0px;margin-bottom:20px;width:65.3333%'>\n\t\t\t<div class=\"fusion-column-wrapper\" style=\"background-position:left top;background-repeat:no-repeat;-webkit-background-size:cover;-moz-background-size:cover;-o-background-size:cover;background-size:cover;\"  data-bg-url=\"\">\n\t\t\t\t<table style=\"height: 200px;\" border=\"0\" width=\"731\">\n<tbody>\n<tr>\n<td width=\"44\"><a href=\"http:\/\/www.etfos.unios.hr\/ijeces\/wp-content\/uploads\/2020\/04\/11-01-01.pdf\" target=\"_blank\"><div class=\"alignleft\"><i class=\"fa fontawesome-icon fa-download circle-yes\" style=\"background-color:#1e73be;font-size:8.8px;line-height:17.6px;height:17.6px;width:17.6px;margin-right:5px;color:#ffffff;\"><\/i><\/div><\/a><\/td>\n<td width=\"500\"><strong><a title=\"Performance Assessment of Deep Learning Frameworks through Metrics of CPU Hardware Exploitation on an Embedded Platform\" href=\"http:\/\/www.etfos.unios.hr\/ijeces\/papers\/performance-assessment-of-deep-learning-frameworks-through-metrics-of-cpu-hardware-exploitation-on-an-embedded-platform\/\" target=\"_blank\">Performance Assessment of Deep Learning Frameworks through Metrics of CPU Hardware Exploitation on an Embedded Platform<\/a><\/strong><br><em>Delia Velasco-Montero, Jorge Fern\u00e1ndez-Berni, Ricardo Carmona-Gal\u00e1n, \u00c1ngel Rodr\u00edguez-V\u00e1zquez.<\/em><\/td>\n<td style=\"text-align: right;\" width=\"37\"><strong>1-11<\/strong><\/td>\n<\/tr>\n<tr>\n<td width=\"44\"><a href=\"http:\/\/www.etfos.unios.hr\/ijeces\/wp-content\/uploads\/2020\/03\/11-01-02.pdf\" target=\"_blank\"><div class=\"alignleft\"><i class=\"fa fontawesome-icon fa-download circle-yes\" style=\"background-color:#1e73be;font-size:8.8px;line-height:17.6px;height:17.6px;width:17.6px;margin-right:5px;color:#ffffff;\"><\/i><\/div><\/a><\/td>\n<td width=\"500\"><strong><a title=\"In-Depth Performance Analysis of SMOTE-Based Oversampling Algorithms in Binary Classification\" href=\"http:\/\/www.etfos.unios.hr\/ijeces\/papers\/in-depth-performance-analysis-of-smote-based-oversampling-algorithms-in-binary-classification\/\" target=\"_blank\">In-Depth Performance Analysis of SMOTE-Based Oversampling Algorithms in Binary Classification<\/a><\/strong><br><em>Mario Dudjak, Goran Martinovi\u0107.<\/em><\/td>\n<td style=\"text-align: right;\" width=\"37\"><strong>13-23<\/strong><\/td>\n<\/tr>\n<tr>\n<td width=\"44\"><a href=\"http:\/\/www.etfos.unios.hr\/ijeces\/wp-content\/uploads\/2020\/05\/11-01-03.pdf\" target=\"_blank\"><div class=\"alignleft\"><i class=\"fa fontawesome-icon fa-download circle-yes\" style=\"background-color:#1e73be;font-size:8.8px;line-height:17.6px;height:17.6px;width:17.6px;margin-right:5px;color:#ffffff;\"><\/i><\/div><\/a><\/td>\n<td width=\"500\"><strong><a title=\"Neural Network based Whole Heart Segmentation from 3D CT images\" href=\"http:\/\/www.etfos.unios.hr\/ijeces\/papers\/neural-network-based-whole-heart-segmentation-from-3d-ct-images\/\" target=\"_blank\">Neural Network based Whole Heart Segmentation from 3D CT images<\/a><\/strong><br><em>Marija Habijan, Hrvoje Leventi\u0107, Irena Gali\u0107, Danilo Babin.<\/em><\/td>\n<td style=\"text-align: right;\" width=\"37\"><strong>25-31<\/strong><\/td>\n<\/tr>\n<tr>\n<td width=\"44\"><a href=\"http:\/\/www.etfos.unios.hr\/ijeces\/wp-content\/uploads\/2020\/04\/11-01-04.pdf\" target=\"_blank\"><div class=\"alignleft\"><i class=\"fa fontawesome-icon fa-download circle-yes\" style=\"background-color:#1e73be;font-size:8.8px;line-height:17.6px;height:17.6px;width:17.6px;margin-right:5px;color:#ffffff;\"><\/i><\/div><\/a><\/td>\n<td width=\"500\"><strong><a title=\"Multi-Stream Networks and Ground Truth Generation for Crowd Counting\" href=\"http:\/\/www.etfos.unios.hr\/ijeces\/papers\/multi-stream-networks-and-ground-truth-generation-for-crowd-counting\/\" target=\"_blank\">Multi-Stream Networks and Ground Truth Generation for Crowd Counting<\/a><\/strong><br><em>Rodolfo Quispe, Darwin Ttito, Ad\u00edn Rivera, Helio Pedrini.<\/em><\/td>\n<td style=\"text-align: right;\" width=\"37\"><strong>33-41<\/strong><\/td>\n<\/tr>\n<tr>\n<td width=\"44\"><a href=\"http:\/\/www.etfos.unios.hr\/ijeces\/wp-content\/uploads\/2020\/03\/11-01-05.pdf\" target=\"_blank\"><div class=\"alignleft\"><i class=\"fa fontawesome-icon fa-download circle-yes\" style=\"background-color:#1e73be;font-size:8.8px;line-height:17.6px;height:17.6px;width:17.6px;margin-right:5px;color:#ffffff;\"><\/i><\/div><\/a><\/td>\n<td width=\"500\"><strong><a title=\"Data Visualization Classification Using Simple Convolutional Neural Network Model\" href=\"http:\/\/www.etfos.unios.hr\/ijeces\/papers\/data-visualization-classification-using-simple-convolutional-neural-network-model\/\" target=\"_blank\">Data Visualization Classification Using Simple Convolutional Neural Network Model<\/a><\/strong><br><em>Filip Baji\u0107, Josip Job, Kre\u0161imir Nenadi\u0107.<\/em><\/td>\n<td style=\"text-align: right;\" width=\"37\"><strong>43-51<\/strong><\/td>\n<\/tr>\n<\/tbody>\n<\/table>\n<div class=\"fusion-clearfix\"><\/div>\n\n\t\t\t<\/div>\n\t\t<\/div><\/div><\/div>\n","protected":false},"excerpt":{"rendered":"","protected":false},"author":2,"featured_media":0,"parent":0,"menu_order":0,"comment_status":"closed","ping_status":"closed","template":"","meta":[],"_links":{"self":[{"href":"http:\/\/www.etfos.unios.hr\/ijeces\/wp-json\/wp\/v2\/pages\/2614"}],"collection":[{"href":"http:\/\/www.etfos.unios.hr\/ijeces\/wp-json\/wp\/v2\/pages"}],"about":[{"href":"http:\/\/www.etfos.unios.hr\/ijeces\/wp-json\/wp\/v2\/types\/page"}],"author":[{"embeddable":true,"href":"http:\/\/www.etfos.unios.hr\/ijeces\/wp-json\/wp\/v2\/users\/2"}],"replies":[{"embeddable":true,"href":"http:\/\/www.etfos.unios.hr\/ijeces\/wp-json\/wp\/v2\/comments?post=2614"}],"version-history":[{"count":1,"href":"http:\/\/www.etfos.unios.hr\/ijeces\/wp-json\/wp\/v2\/pages\/2614\/revisions"}],"predecessor-version":[{"id":2615,"href":"http:\/\/www.etfos.unios.hr\/ijeces\/wp-json\/wp\/v2\/pages\/2614\/revisions\/2615"}],"wp:attachment":[{"href":"http:\/\/www.etfos.unios.hr\/ijeces\/wp-json\/wp\/v2\/media?parent=2614"}],"curies":[{"name":"wp","href":"https:\/\/api.w.org\/{rel}","templated":true}]}}