{"id":43,"date":"2015-02-14T09:49:49","date_gmt":"2015-02-14T09:49:49","guid":{"rendered":"http:\/\/www.etfos.unios.hr\/ijeces-test\/?page_id=43"},"modified":"2020-05-12T08:10:31","modified_gmt":"2020-05-12T08:10:31","slug":"impressum","status":"publish","type":"page","link":"http:\/\/www.etfos.unios.hr\/ijeces\/impressum\/","title":{"rendered":"Editorial Board"},"content":{"rendered":"<p><div  class=\"fusion-fullwidth fullwidth-box nonhundred-percent-fullwidth\"  style='background-color: rgba(255,255,255,0);background-position: left top;background-repeat: no-repeat;padding-top:20px;padding-right:0px;padding-bottom:20px;padding-left:0px;border-top-width:0px;border-bottom-width:0px;border-color:#eae9e9;border-top-style:solid;border-bottom-style:solid;'><div class=\"fusion-builder-row fusion-row \"><div  class=\"fusion-layout-column fusion_builder_column fusion_builder_column_1_1  fusion-one-full fusion-column-first fusion-column-last fusion-column-no-min-height 1_1\"  style='margin-top:0px;margin-bottom:0px;'>\n\t\t\t<div class=\"fusion-column-wrapper\" style=\"background-position:left top;background-repeat:no-repeat;-webkit-background-size:cover;-moz-background-size:cover;-o-background-size:cover;background-size:cover;\"  data-bg-url=\"\">\n\t\t\t\t<div class=\"fusion-title title fusion-title-size-one\" style=\"margin-top:0px;margin-bottom:31px;\"><h1 class=\"title-heading-left\">Editorial Board<\/h1><div class=\"title-sep-container\"><div class=\"title-sep sep-single sep-solid\" style=\"border-color:#1e73be;\"><\/div><\/div><\/div><div class=\"fusion-clearfix\"><\/div>\n\n\t\t\t<\/div>\n\t\t<\/div><\/div><\/div><div  class=\"fusion-fullwidth fullwidth-box hundred-percent-fullwidth\"  style='background-color: rgba(255,255,255,0);background-position: center center;background-repeat: no-repeat;padding-top:0px;padding-right:0px;padding-bottom:0px;padding-left:0px;'><div class=\"fusion-builder-row fusion-row \"><div  class=\"fusion-layout-column fusion_builder_column fusion_builder_column_1_4  fusion-one-fourth fusion-column-first 1_4\"  style='margin-top:0px;margin-bottom:20px;'>\n\t\t\t<div class=\"fusion-column-wrapper\" style=\"background-position:left top;background-repeat:no-repeat;-webkit-background-size:cover;-moz-background-size:cover;-o-background-size:cover;background-size:cover;\"  data-bg-url=\"\">\n\t\t\t\t<ul>\n<li><strong>Leo Budin<\/strong><br \/>\nUniversity of Zagreb, Croatia<\/li>\n<li><strong>Matjaz Colnari\u010d<\/strong><br \/>\nUniversity of Maribor, Slovenia<\/li>\n<li><strong>\u017darko \u010cu\u010dej<\/strong><br \/>\nUniversity of Maribor, Slovenia<\/li>\n<li><strong>Bojan \u010cuki\u0107<\/strong><br \/>\nWest Virginia University, USA<\/li>\n<li><strong>Radu Dobrin<\/strong><br \/>\nM\u00e4lardalen University, Sweden<\/li>\n<li><strong>Irena Gali\u0107<\/strong><br \/>\nJ.J. Strossmayer University of Osijek, Croatia<\/li>\n<li><strong>Radoslav Gali\u0107<\/strong><br \/>\nJ.J. Strossmayer University of Osijek, Croatia<\/li>\n<li><strong>Darko Huljeni\u0107<\/strong><br \/>\nEricsson Nikola Tesla, Croatia<\/li>\n<li><strong>\u017deljko Hocenski<\/strong><br \/>\nJ.J. Strossmayer University of Osijek, Croatia<\/li>\n<li><strong>Gordan Je\u017ei\u0107<\/strong><br \/>\nUniversity of Zagreb, Croatia<\/li>\n<\/ul>\n<div class=\"fusion-clearfix\"><\/div>\n\n\t\t\t<\/div>\n\t\t<\/div><div  class=\"fusion-layout-column fusion_builder_column fusion_builder_column_1_4  fusion-one-fourth 1_4\"  style='margin-top:0px;margin-bottom:20px;'>\n\t\t\t<div class=\"fusion-column-wrapper\" style=\"background-position:left top;background-repeat:no-repeat;-webkit-background-size:cover;-moz-background-size:cover;-o-background-size:cover;background-size:cover;\"  data-bg-url=\"\">\n\t\t\t\t<ul>\n<li><strong>Dra\u017ean Kozak<\/strong><br \/>\nJ.J. Strossmayer University of Osijek, Croatia<\/li>\n<li><strong>Sven Lon\u010dari\u0107<\/strong><br \/>\nUniversity of Zagreb, Croatia<\/li>\n<li><strong>Tomislav Kili\u0107<\/strong><br \/>\nUniversity of Split, Croatia<\/li>\n<li><strong>Ivan Mar\u0161i\u0107<\/strong><br \/>\nRutgers, The State University of New Jersey, USA<\/li>\n<li><strong>Vladimir Mikuli\u010di\u0107<\/strong><br \/>\nUniversity of Zagreb, Croatia<\/li>\n<li><strong>Kruno Mili\u010devi\u0107<\/strong><br \/>\nJ.J. Strossmayer University of Osijek, Croatia<\/li>\n<li><strong>Tomislav Mr\u010dela<br \/>\n<\/strong>J.J. Strossmayer University of Osijek, Croatia<\/li>\n<li><strong>Srete Nikolovski<\/strong><br \/>\nJ.J. Strossmayer University of Osijek, Croatia<\/li>\n<li><strong>Davor Pavuna<\/strong><br \/>\nEcole Polytechnique F\u00e9d\u00e9rale de Lausanne, Switzerland<\/li>\n<\/ul>\n<div class=\"fusion-clearfix\"><\/div>\n\n\t\t\t<\/div>\n\t\t<\/div><div  class=\"fusion-layout-column fusion_builder_column fusion_builder_column_1_4  fusion-one-fourth 1_4\"  style='margin-top:0px;margin-bottom:20px;'>\n\t\t\t<div class=\"fusion-column-wrapper\" style=\"background-position:left top;background-repeat:no-repeat;-webkit-background-size:cover;-moz-background-size:cover;-o-background-size:cover;background-size:cover;\"  data-bg-url=\"\">\n\t\t\t\t<ul>\n<li><strong>Nedjeljko Peri\u0107<\/strong><br \/>University of Zagreb, Croatia<\/li>\n<li><strong>Marjan Popov<\/strong><br \/>Delft University, The Netherlands<\/li>\n<li><strong>Sasikumar Punnekkat<\/strong><br \/>M\u00e4lardalen University, Sweden<\/li>\n<li><strong>Chiara Ravasio<\/strong><br \/>University of Bergamo, Italy<\/li>\n<li><strong>Snje\u017eana Rimac-Drlje<\/strong><br \/>J.J. Strossmayer University of Osijek, Croatia<\/li>\n<li><strong>Imre Rudas<\/strong><br \/>Budapest Tech, Hungary<\/li>\n<li><strong>Ivan Samard\u017ei\u0107<\/strong><br \/>J.J. Strossmayer University of Osijek, Croatia<\/li>\n<li><strong>Dra\u017een Sli\u0161kovi\u0107<\/strong><br \/>J.J. Strossmayer University of Osijek, Croatia<br \/><strong>Marinko Stojkov<\/strong><br \/>J.J. Strossmayer University of Osijek, Croatia<\/li>\n<li><strong>Cristina Seceleanu<\/strong><br \/>M\u00e4lardalen University, Sweden<\/li>\n<\/ul>\n<div class=\"fusion-clearfix\"><\/div>\n\n\t\t\t<\/div>\n\t\t<\/div><div  class=\"fusion-layout-column fusion_builder_column fusion_builder_column_1_4  fusion-one-fourth fusion-column-last 1_4\"  style='margin-top:0px;margin-bottom:20px;'>\n\t\t\t<div class=\"fusion-column-wrapper\" style=\"background-position:left top;background-repeat:no-repeat;-webkit-background-size:cover;-moz-background-size:cover;-o-background-size:cover;background-size:cover;\"  data-bg-url=\"\">\n\t\t\t\t<ul>\n<li><strong>Sini\u0161a Srblji\u0107<\/strong><br \/>University of Zagreb, Croatia<\/li>\n<li><strong>Zdenko \u0160imi\u0107<\/strong><br \/>University of Zagreb, Croatia<\/li>\n<li><strong>Damir \u0160ljivac<\/strong><br \/>J.J. Strossmayer University of Osijek, Croatia<\/li>\n<li><strong>Tomislav \u0160vedek<\/strong><br \/>J.J. Strossmayer University of Osijek, Croatia<\/li>\n<li><strong>Domen Verber<\/strong><br \/>University of Maribor, Slovenia<\/li>\n<li><strong>Dean Vu\u010dini\u0107<\/strong><br \/>Vrije Universiteit Brussel, Belgium<\/li>\n<li><strong>Joachim Weickert<\/strong><br \/>Saarland University, Germany<\/li>\n<li><strong>Martin Welk<\/strong><br \/>Private University for Medical Informatics and Technology Institute for Biomedical Image Analysis Hall\/Tyrol, Austria<\/li>\n<\/ul>\n<div class=\"fusion-clearfix\"><\/div>\n\n\t\t\t<\/div>\n\t\t<\/div><\/div><\/div><div  class=\"fusion-fullwidth fullwidth-box nonhundred-percent-fullwidth\"  style='background-color: rgba(255,255,255,0);background-position: left top;background-repeat: no-repeat;padding-top:20px;padding-right:0px;padding-bottom:20px;padding-left:0px;border-top-width:0px;border-bottom-width:0px;border-color:#eae9e9;border-top-style:solid;border-bottom-style:solid;'><div class=\"fusion-builder-row fusion-row \"><div  class=\"fusion-layout-column fusion_builder_column fusion_builder_column_1_1  fusion-one-full fusion-column-first fusion-column-last fusion-column-no-min-height 1_1\"  style='margin-top:0px;margin-bottom:0px;'>\n\t\t\t<div class=\"fusion-column-wrapper\" style=\"background-position:left top;background-repeat:no-repeat;-webkit-background-size:cover;-moz-background-size:cover;-o-background-size:cover;background-size:cover;\"  data-bg-url=\"\">\n\t\t\t\t<div class=\"fusion-sep-clear\"><\/div><div class=\"fusion-separator fusion-full-width-sep sep-double sep-dashed\" style=\"border-color:#1e73be;border-top-width:1px;border-bottom-width:1px;margin-left: auto;margin-right: auto;margin-top:;\"><span class=\"icon-wrapper\" style=\"border-color:#1e73be;\"><i class=\"fa fa-users\" style=\"color:#1e73be;\"><\/i><\/span><\/div><div class=\"fusion-clearfix\"><\/div>\n\n\t\t\t<\/div>\n\t\t<\/div><\/div><\/div><\/p>\n","protected":false},"excerpt":{"rendered":"","protected":false},"author":1,"featured_media":0,"parent":0,"menu_order":0,"comment_status":"open","ping_status":"open","template":"","meta":[],"_links":{"self":[{"href":"http:\/\/www.etfos.unios.hr\/ijeces\/wp-json\/wp\/v2\/pages\/43"}],"collection":[{"href":"http:\/\/www.etfos.unios.hr\/ijeces\/wp-json\/wp\/v2\/pages"}],"about":[{"href":"http:\/\/www.etfos.unios.hr\/ijeces\/wp-json\/wp\/v2\/types\/page"}],"author":[{"embeddable":true,"href":"http:\/\/www.etfos.unios.hr\/ijeces\/wp-json\/wp\/v2\/users\/1"}],"replies":[{"embeddable":true,"href":"http:\/\/www.etfos.unios.hr\/ijeces\/wp-json\/wp\/v2\/comments?post=43"}],"version-history":[{"count":74,"href":"http:\/\/www.etfos.unios.hr\/ijeces\/wp-json\/wp\/v2\/pages\/43\/revisions"}],"predecessor-version":[{"id":2528,"href":"http:\/\/www.etfos.unios.hr\/ijeces\/wp-json\/wp\/v2\/pages\/43\/revisions\/2528"}],"wp:attachment":[{"href":"http:\/\/www.etfos.unios.hr\/ijeces\/wp-json\/wp\/v2\/media?parent=43"}],"curies":[{"name":"wp","href":"https:\/\/api.w.org\/{rel}","templated":true}]}}