{"id":626,"date":"2015-03-17T14:29:35","date_gmt":"2015-03-17T14:29:35","guid":{"rendered":"http:\/\/www.etfos.unios.hr\/ijeces\/?page_id=626"},"modified":"2017-03-23T08:04:45","modified_gmt":"2017-03-23T08:04:45","slug":"vol-5-no-2-2014","status":"publish","type":"page","link":"http:\/\/www.etfos.unios.hr\/ijeces\/vol-5-no-2-2014\/","title":{"rendered":"Vol 5, No 2 (2014)"},"content":{"rendered":"<p><div  class=\"fusion-fullwidth fullwidth-box nonhundred-percent-fullwidth\"  style='background-color: rgba(255,255,255,0);background-position: left top;background-repeat: no-repeat;padding-top:20px;padding-right:0px;padding-bottom:20px;padding-left:0px;border-top-width:0px;border-bottom-width:0px;border-color:#eae9e9;border-top-style:;border-bottom-style:;'><div class=\"fusion-builder-row fusion-row \"><div  class=\"fusion-layout-column fusion_builder_column fusion_builder_column_1_1  fusion-one-full fusion-column-first fusion-column-last fusion-column-no-min-height 1_1\"  style='margin-top:0px;margin-bottom:0px;'>\n\t\t\t<div class=\"fusion-column-wrapper\" style=\"background-position:left top;background-repeat:no-repeat;-webkit-background-size:cover;-moz-background-size:cover;-o-background-size:cover;background-size:cover;\"  data-bg-url=\"\">\n\t\t\t\t<div class=\"fusion-title title fusion-title-size-two\" style=\"margin-top:0px;margin-bottom:31px;\"><h2 class=\"title-heading-left\">Vol 5, No 2<\/h2><div class=\"title-sep-container\"><div class=\"title-sep sep-single sep-dashed\" style=\"border-color:#1e73be;\"><\/div><\/div><\/div><div class=\"fusion-clearfix\"><\/div>\n\n\t\t\t<\/div>\n\t\t<\/div><\/div><\/div><div  class=\"fusion-fullwidth fullwidth-box hundred-percent-fullwidth\"  style='background-color: rgba(255,255,255,0);background-position: center center;background-repeat: no-repeat;padding-top:0px;padding-right:0px;padding-bottom:0px;padding-left:0px;'><div class=\"fusion-builder-row fusion-row \"><div  class=\"fusion-layout-column fusion_builder_column fusion_builder_column_1_3  fusion-one-third fusion-column-first 1_3\"  style='margin-top:0px;margin-bottom:20px;width:30.6666%; margin-right: 4%;'>\n\t\t\t<div class=\"fusion-column-wrapper\" style=\"background-position:left top;background-repeat:no-repeat;-webkit-background-size:cover;-moz-background-size:cover;-o-background-size:cover;background-size:cover;\"  data-bg-url=\"\">\n\t\t\t\t<span class=\"fusion-imageframe imageframe-none imageframe-1 hover-type-none\"><img loading=\"lazy\" src=\"http:\/\/www.etfos.unios.hr\/ijeces\/wp-content\/uploads\/2015\/02\/0501-295x300.jpg\" width=\"295\" height=\"300\" alt=\"\" title=\"0501\" class=\"img-responsive wp-image-236\"\/><\/span><div class=\"fusion-clearfix\"><\/div>\n\n\t\t\t<\/div>\n\t\t<\/div><div  class=\"fusion-layout-column fusion_builder_column fusion_builder_column_2_3  fusion-two-third fusion-column-last 2_3\"  style='margin-top:0px;margin-bottom:20px;width:65.3333%'>\n\t\t\t<div class=\"fusion-column-wrapper\" style=\"background-position:left top;background-repeat:no-repeat;-webkit-background-size:cover;-moz-background-size:cover;-o-background-size:cover;background-size:cover;\"  data-bg-url=\"\">\n\t\t\t\t<table style=\"height: 200px;\" border=\"0\" width=\"731\">\n<tbody>\n<tr>\n<td width=\"44\"><a href=\"http:\/\/www.etfos.unios.hr\/ijeces\/wp-content\/uploads\/2015\/03\/05-02-14-01.pdf\" target=\"_blank\"><div class=\"alignleft\"><i class=\"fa fontawesome-icon fa-download circle-yes\" style=\"background-color:#1e73be;font-size:8.8px;line-height:17.6px;height:17.6px;width:17.6px;margin-right:5px;color:#ffffff;\"><\/i><\/div><\/a><\/td>\n<td width=\"500\"><strong><a title=\"Optimization of Maintenance and Use of Gensets in the Armed Forces\" href=\"http:\/\/www.etfos.unios.hr\/ijeces\/vol-5-no-2-2014\/optimization-of-maintenance-and-use-of-gensets-in-the-armed-forces\/\">Optimization of Maintenance and Use of Gensets in the Armed Forces<\/a><br \/>\n<\/strong><em>\u017deljko Hederi\u0107, Dejan Bare\u0161i\u0107, Marinko Baruk\u010di\u0107<\/em><\/td>\n<td style=\"text-align: right;\" width=\"37\"><strong>33-38<\/strong><\/td>\n<\/tr>\n<tr>\n<td width=\"44\"><a href=\"http:\/\/www.etfos.unios.hr\/ijeces\/wp-content\/uploads\/2015\/03\/05-02-14-02.pdf\" target=\"_blank\"><div class=\"alignleft\"><i class=\"fa fontawesome-icon fa-download circle-yes\" style=\"background-color:#1e73be;font-size:8.8px;line-height:17.6px;height:17.6px;width:17.6px;margin-right:5px;color:#ffffff;\"><\/i><\/div><\/a><\/td>\n<td width=\"500\"><strong><a title=\"Using an Evolutionary Algorithm for Harmonic Load Modeling by Norton and Thevenin Equivalents\" href=\"http:\/\/www.etfos.unios.hr\/ijeces\/vol-5-no-2-2014\/using-an-evolutionary-algorithm-for-harmonic-load-modeling-by-norton-and-thevenin-equivalents\/\">Using an Evolutionary Algorithm for Harmonic Load Modeling by Norton and Thevenin Equivalents<\/a><br \/>\n<\/strong><em>Domagoj Biland\u017eija, Marinko Baruk\u010di\u0107, Venco \u0106orluka<\/em><\/td>\n<td style=\"text-align: right;\" width=\"37\"><strong>39-45<\/strong><\/td>\n<\/tr>\n<tr>\n<td width=\"44\"><a href=\"http:\/\/www.etfos.unios.hr\/ijeces\/wp-content\/uploads\/2015\/03\/05-02-14-03.pdf\" target=\"_blank\"><div class=\"alignleft\"><i class=\"fa fontawesome-icon fa-download circle-yes\" style=\"background-color:#1e73be;font-size:8.8px;line-height:17.6px;height:17.6px;width:17.6px;margin-right:5px;color:#ffffff;\"><\/i><\/div><\/a><\/td>\n<td width=\"500\"><strong><a title=\"Positive and Negative Impacts of Renewable Energy Sources\" href=\"http:\/\/www.etfos.unios.hr\/ijeces\/vol-5-no-2-2014\/positive-and-negative-impacts-of-renewable-energy-sources\/\">Positive and Negative Impacts of Renewable Energy Sources<\/a><br \/>\n<\/strong><em>Stanislav Vezmar, Anton Spaji\u0107, Danijel Topi\u0107, Damir \u0160ljivac, Lajos Jozsa<\/em><\/td>\n<td style=\"text-align: right;\" width=\"37\"><strong>47-55<\/strong><\/td>\n<\/tr>\n<tr>\n<td width=\"44\"><a href=\"http:\/\/www.etfos.unios.hr\/ijeces\/wp-content\/uploads\/2015\/03\/05-02-14-04.pdf\" target=\"_blank\"><div class=\"alignleft\"><i class=\"fa fontawesome-icon fa-download circle-yes\" style=\"background-color:#1e73be;font-size:8.8px;line-height:17.6px;height:17.6px;width:17.6px;margin-right:5px;color:#ffffff;\"><\/i><\/div><\/a><\/td>\n<td width=\"500\"><strong><a title=\"Performance Evaluation of Virtualization Tools in Multi-Threaded Applications\" href=\"http:\/\/www.etfos.unios.hr\/ijeces\/vol-5-no-2-2014\/performance-evaluation-of-virtualization-tools-in-multi-threaded-applications\/\">Performance Evaluation of Virtualization Tools in Multi-Threaded Applications<\/a><br \/>\n<\/strong><em>Ivan Sabolski, Hrvoje Leventi\u0107, Irena Gali\u0107<\/em><\/td>\n<td style=\"text-align: right;\" width=\"37\"><strong>57-62<\/strong><\/td>\n<\/tr>\n<tr>\n<td width=\"44\"><a href=\"http:\/\/www.etfos.unios.hr\/ijeces\/wp-content\/uploads\/2015\/03\/05-02-14-05.pdf\" target=\"_blank\"><div class=\"alignleft\"><i class=\"fa fontawesome-icon fa-download circle-yes\" style=\"background-color:#1e73be;font-size:8.8px;line-height:17.6px;height:17.6px;width:17.6px;margin-right:5px;color:#ffffff;\"><\/i><\/div><\/a><\/td>\n<td width=\"500\"><strong><a title=\"New Developments in High-Temperature Measurement Techniques\" href=\"http:\/\/www.etfos.unios.hr\/ijeces\/vol-5-no-2-2014\/new-developments-in-high-temperature-measurement-techniques\/\">New Developments in High-Temperature Measurement Techniques<\/a><br \/>\n<\/strong><em>J\u00fcrgen Hartmann<\/em><\/td>\n<td style=\"text-align: right;\" width=\"37\"><strong>63-67<\/strong><\/td>\n<\/tr>\n<\/tbody>\n<\/table>\n<div class=\"fusion-clearfix\"><\/div>\n\n\t\t\t<\/div>\n\t\t<\/div><\/div><\/div><\/p>\n","protected":false},"excerpt":{"rendered":"","protected":false},"author":2,"featured_media":0,"parent":0,"menu_order":0,"comment_status":"open","ping_status":"open","template":"","meta":[],"_links":{"self":[{"href":"http:\/\/www.etfos.unios.hr\/ijeces\/wp-json\/wp\/v2\/pages\/626"}],"collection":[{"href":"http:\/\/www.etfos.unios.hr\/ijeces\/wp-json\/wp\/v2\/pages"}],"about":[{"href":"http:\/\/www.etfos.unios.hr\/ijeces\/wp-json\/wp\/v2\/types\/page"}],"author":[{"embeddable":true,"href":"http:\/\/www.etfos.unios.hr\/ijeces\/wp-json\/wp\/v2\/users\/2"}],"replies":[{"embeddable":true,"href":"http:\/\/www.etfos.unios.hr\/ijeces\/wp-json\/wp\/v2\/comments?post=626"}],"version-history":[{"count":7,"href":"http:\/\/www.etfos.unios.hr\/ijeces\/wp-json\/wp\/v2\/pages\/626\/revisions"}],"predecessor-version":[{"id":1084,"href":"http:\/\/www.etfos.unios.hr\/ijeces\/wp-json\/wp\/v2\/pages\/626\/revisions\/1084"}],"wp:attachment":[{"href":"http:\/\/www.etfos.unios.hr\/ijeces\/wp-json\/wp\/v2\/media?parent=626"}],"curies":[{"name":"wp","href":"https:\/\/api.w.org\/{rel}","templated":true}]}}