{"id":792,"date":"2015-10-26T08:25:38","date_gmt":"2015-10-26T08:25:38","guid":{"rendered":"http:\/\/www.etfos.unios.hr\/ijeces\/?page_id=792"},"modified":"2017-03-23T08:04:45","modified_gmt":"2017-03-23T08:04:45","slug":"vol-6-no-2-2015","status":"publish","type":"page","link":"http:\/\/www.etfos.unios.hr\/ijeces\/vol-6-no-2-2015\/","title":{"rendered":"Vol 6, No 2 (2015)"},"content":{"rendered":"<p><div  class=\"fusion-fullwidth fullwidth-box nonhundred-percent-fullwidth\"  style='background-color: rgba(255,255,255,0);background-position: left top;background-repeat: no-repeat;padding-top:20px;padding-right:0px;padding-bottom:20px;padding-left:0px;border-top-width:0px;border-bottom-width:0px;border-color:#eae9e9;border-top-style:;border-bottom-style:;'><div class=\"fusion-builder-row fusion-row \"><div  class=\"fusion-layout-column fusion_builder_column fusion_builder_column_1_1  fusion-one-full fusion-column-first fusion-column-last fusion-column-no-min-height 1_1\"  style='margin-top:0px;margin-bottom:0px;'>\n\t\t\t<div class=\"fusion-column-wrapper\" style=\"background-position:left top;background-repeat:no-repeat;-webkit-background-size:cover;-moz-background-size:cover;-o-background-size:cover;background-size:cover;\"  data-bg-url=\"\">\n\t\t\t\t<div class=\"fusion-title title fusion-title-size-two\" style=\"margin-top:0px;margin-bottom:31px;\"><h2 class=\"title-heading-left\">Vol 6, No 2<\/h2><div class=\"title-sep-container\"><div class=\"title-sep sep-single sep-dashed\" style=\"border-color:#1e73be;\"><\/div><\/div><\/div><div class=\"fusion-clearfix\"><\/div>\n\n\t\t\t<\/div>\n\t\t<\/div><\/div><\/div><div  class=\"fusion-fullwidth fullwidth-box hundred-percent-fullwidth\"  style='background-color: rgba(255,255,255,0);background-position: center center;background-repeat: no-repeat;padding-top:0px;padding-right:0px;padding-bottom:0px;padding-left:0px;'><div class=\"fusion-builder-row fusion-row \"><div  class=\"fusion-layout-column fusion_builder_column fusion_builder_column_1_3  fusion-one-third fusion-column-first 1_3\"  style='margin-top:0px;margin-bottom:20px;width:30.6666%; margin-right: 4%;'>\n\t\t\t<div class=\"fusion-column-wrapper\" style=\"background-position:left top;background-repeat:no-repeat;-webkit-background-size:cover;-moz-background-size:cover;-o-background-size:cover;background-size:cover;\"  data-bg-url=\"\">\n\t\t\t\t<span class=\"fusion-imageframe imageframe-none imageframe-1 hover-type-none\"><img loading=\"lazy\" src=\"http:\/\/www.etfos.unios.hr\/ijeces\/wp-content\/uploads\/2015\/05\/0601.jpg\" width=\"295\" height=\"300\" alt=\"\" title=\"0601\" class=\"img-responsive wp-image-727\"\/><\/span><div class=\"fusion-clearfix\"><\/div>\n\n\t\t\t<\/div>\n\t\t<\/div><div  class=\"fusion-layout-column fusion_builder_column fusion_builder_column_2_3  fusion-two-third fusion-column-last 2_3\"  style='margin-top:0px;margin-bottom:20px;width:65.3333%'>\n\t\t\t<div class=\"fusion-column-wrapper\" style=\"background-position:left top;background-repeat:no-repeat;-webkit-background-size:cover;-moz-background-size:cover;-o-background-size:cover;background-size:cover;\"  data-bg-url=\"\">\n\t\t\t\t<table style=\"height: 200px;\" border=\"0\" width=\"731\">\n<tbody>\n<tr>\n<td width=\"44\"><a href=\"http:\/\/www.etfos.unios.hr\/ijeces\/wp-content\/uploads\/2015\/12\/06-02-15-01.pdf\" target=\"_blank\"><div class=\"alignleft\"><i class=\"fa fontawesome-icon fa-download circle-yes\" style=\"background-color:#1e73be;font-size:8.8px;line-height:17.6px;height:17.6px;width:17.6px;margin-right:5px;color:#ffffff;\"><\/i><\/div><\/a><\/td>\n<td width=\"500\"><strong><a title=\"Establishment of Inventory of Electronic  Equipment Replacement Modules as a Way to  Improve the Survivability of the Power System\" href=\"http:\/\/www.etfos.unios.hr\/ijeces\/vol-6-no-2-2015\/establishment-of-inventory-of-electronic-equipment-replacement-modules-as-a-way-to-improve-the-survivability-of-the-power-system\/\" target=\"_blank\">Establishment of Inventory of Electronic Equipment Replacement Modules as a Way to Improve the Survivability of the Power System<\/a><br \/>\n<\/strong><em>Vladimir Gurevich<\/em><\/td>\n<td style=\"text-align: right;\" width=\"37\"><strong>33-37<\/strong><\/td>\n<\/tr>\n<tr>\n<td width=\"44\"><a href=\"http:\/\/www.etfos.unios.hr\/ijeces\/wp-content\/uploads\/2015\/12\/06-02-15-02.pdf\" target=\"_blank\"><div class=\"alignleft\"><i class=\"fa fontawesome-icon fa-download circle-yes\" style=\"background-color:#1e73be;font-size:8.8px;line-height:17.6px;height:17.6px;width:17.6px;margin-right:5px;color:#ffffff;\"><\/i><\/div><\/a><\/td>\n<td width=\"500\"><strong><a title=\"Spectrum Comparison between GFDM, OFDM and GFDM Behavior in a Noise and Fading Channel\" href=\"http:\/\/www.etfos.unios.hr\/ijeces\/vol-6-no-2-2015\/spectrum-comparison-between-gfdm-ofdm-and-gfdm-behavior-in-a-noise-and-fading-channel\/\" target=\"_blank\">Spectrum Comparison between GFDM, OFDM and GFDM Behavior in a Noise and Fading Channel<\/a><br \/>\n<\/strong><em>Enver Hamiti, Fatlum Sallahu<\/em><\/td>\n<td style=\"text-align: right;\" width=\"37\"><strong>39-43<\/strong><\/td>\n<\/tr>\n<tr>\n<td width=\"44\"><a href=\"http:\/\/www.etfos.unios.hr\/ijeces\/wp-content\/uploads\/2015\/12\/06-02-15-03.pdf\" target=\"_blank\"><div class=\"alignleft\"><i class=\"fa fontawesome-icon fa-download circle-yes\" style=\"background-color:#1e73be;font-size:8.8px;line-height:17.6px;height:17.6px;width:17.6px;margin-right:5px;color:#ffffff;\"><\/i><\/div><\/a><\/td>\n<td width=\"500\"><strong><a title=\"Demand Side Management inside a Smart House\" href=\"http:\/\/www.etfos.unios.hr\/ijeces\/vol-6-no-2-2015\/demand-side-management-inside-a-smart-house\/\" target=\"_blank\">Demand Side Management inside a Smart House<\/a><br \/>\n<\/strong><em>Mario \u0160ipo\u0161, Mario Primorac, Zvonimir Klai\u0107<\/em><\/td>\n<td style=\"text-align: right;\" width=\"37\"><strong>45-50<\/strong><\/td>\n<\/tr>\n<tr>\n<td width=\"44\"><a href=\"http:\/\/www.etfos.unios.hr\/ijeces\/wp-content\/uploads\/2015\/12\/06-02-15-04.pdf\" target=\"_blank\"><div class=\"alignleft\"><i class=\"fa fontawesome-icon fa-download circle-yes\" style=\"background-color:#1e73be;font-size:8.8px;line-height:17.6px;height:17.6px;width:17.6px;margin-right:5px;color:#ffffff;\"><\/i><\/div><\/a><\/td>\n<td width=\"500\"><strong><a title=\"Influence of Distributed Power Generation from Renewable Energy Sources on Reliability of Distribution Networks\" href=\"http:\/\/www.etfos.unios.hr\/ijeces\/vol-6-no-2-2015\/influence-of-distributed-power-generation-from-renewable-energy-sources-on-reliability-of-distribution-networks\/\" target=\"_blank\">Influence of Distributed Power Generation from Renewable Energy Sources on Reliability of Distribution Networks<\/a><br \/>\n<\/strong><em>Danijel Topi\u0107, Damir \u0160ljivac, Mirko Gagro<\/em><\/td>\n<td style=\"text-align: right;\" width=\"37\"><strong>51-56<\/strong><\/td>\n<\/tr>\n<tr>\n<td width=\"44\"><a href=\"http:\/\/www.etfos.unios.hr\/ijeces\/wp-content\/uploads\/2015\/12\/06-02-15-05.pdf\" target=\"_blank\"><div class=\"alignleft\"><i class=\"fa fontawesome-icon fa-download circle-yes\" style=\"background-color:#1e73be;font-size:8.8px;line-height:17.6px;height:17.6px;width:17.6px;margin-right:5px;color:#ffffff;\"><\/i><\/div><\/a><\/td>\n<td width=\"500\"><strong><span style=\"color: #000000;\"><a title=\"Parameter Influences on HVDC Transformer Insulation and Its Link to Conduction Processes\" href=\"http:\/\/www.etfos.unios.hr\/ijeces\/vol-6-no-2-2015\/parameter-influences-on-hvdc-transformer-insulation-and-its-link-to-conduction-processes\/\" target=\"_blank\">Parameter Influences on HVDC Transformer Insulation and Its Link to Conduction Processes<\/a><br \/>\n<\/span><\/strong><em>Fabian Schober, Andreas Krieg, Andreas K\u00fcchler, Marcus Liebschner, Frank Berger<\/em><\/td>\n<td style=\"text-align: right;\" width=\"37\"><strong>57-62<\/strong><\/td>\n<\/tr>\n<\/tbody>\n<\/table>\n<div class=\"fusion-clearfix\"><\/div>\n\n\t\t\t<\/div>\n\t\t<\/div><\/div><\/div><\/p>\n","protected":false},"excerpt":{"rendered":"","protected":false},"author":2,"featured_media":0,"parent":0,"menu_order":0,"comment_status":"open","ping_status":"open","template":"","meta":[],"_links":{"self":[{"href":"http:\/\/www.etfos.unios.hr\/ijeces\/wp-json\/wp\/v2\/pages\/792"}],"collection":[{"href":"http:\/\/www.etfos.unios.hr\/ijeces\/wp-json\/wp\/v2\/pages"}],"about":[{"href":"http:\/\/www.etfos.unios.hr\/ijeces\/wp-json\/wp\/v2\/types\/page"}],"author":[{"embeddable":true,"href":"http:\/\/www.etfos.unios.hr\/ijeces\/wp-json\/wp\/v2\/users\/2"}],"replies":[{"embeddable":true,"href":"http:\/\/www.etfos.unios.hr\/ijeces\/wp-json\/wp\/v2\/comments?post=792"}],"version-history":[{"count":10,"href":"http:\/\/www.etfos.unios.hr\/ijeces\/wp-json\/wp\/v2\/pages\/792\/revisions"}],"predecessor-version":[{"id":1082,"href":"http:\/\/www.etfos.unios.hr\/ijeces\/wp-json\/wp\/v2\/pages\/792\/revisions\/1082"}],"wp:attachment":[{"href":"http:\/\/www.etfos.unios.hr\/ijeces\/wp-json\/wp\/v2\/media?parent=792"}],"curies":[{"name":"wp","href":"https:\/\/api.w.org\/{rel}","templated":true}]}}