{"id":918,"date":"2016-09-08T11:28:24","date_gmt":"2016-09-08T11:28:24","guid":{"rendered":"http:\/\/www.etfos.unios.hr\/ijeces\/?page_id=918"},"modified":"2017-03-23T08:04:45","modified_gmt":"2017-03-23T08:04:45","slug":"vol-7-no-2-2016","status":"publish","type":"page","link":"http:\/\/www.etfos.unios.hr\/ijeces\/vol-7-no-2-2016\/","title":{"rendered":"Vol 7, No 2 (2016)"},"content":{"rendered":"<p><div  class=\"fusion-fullwidth fullwidth-box nonhundred-percent-fullwidth\"  style='background-color: rgba(255,255,255,0);background-position: left top;background-repeat: no-repeat;padding-top:20px;padding-right:0px;padding-bottom:20px;padding-left:0px;border-top-width:0px;border-bottom-width:0px;border-color:#eae9e9;border-top-style:;border-bottom-style:;'><div class=\"fusion-builder-row fusion-row \"><div  class=\"fusion-layout-column fusion_builder_column fusion_builder_column_1_1  fusion-one-full fusion-column-first fusion-column-last fusion-column-no-min-height 1_1\"  style='margin-top:0px;margin-bottom:0px;'>\n\t\t\t<div class=\"fusion-column-wrapper\" style=\"background-position:left top;background-repeat:no-repeat;-webkit-background-size:cover;-moz-background-size:cover;-o-background-size:cover;background-size:cover;\"  data-bg-url=\"\">\n\t\t\t\t<div class=\"fusion-title title fusion-title-size-two\" style=\"margin-top:0px;margin-bottom:31px;\"><h2 class=\"title-heading-left\">Vol 7, No 2<\/h2><div class=\"title-sep-container\"><div class=\"title-sep sep-single sep-dashed\" style=\"border-color:#1e73be;\"><\/div><\/div><\/div><div class=\"fusion-clearfix\"><\/div>\n\n\t\t\t<\/div>\n\t\t<\/div><\/div><\/div><div  class=\"fusion-fullwidth fullwidth-box hundred-percent-fullwidth\"  style='background-color: rgba(255,255,255,0);background-position: center center;background-repeat: no-repeat;padding-top:0px;padding-right:0px;padding-bottom:0px;padding-left:0px;'><div class=\"fusion-builder-row fusion-row \"><div  class=\"fusion-layout-column fusion_builder_column fusion_builder_column_1_3  fusion-one-third fusion-column-first 1_3\"  style='margin-top:0px;margin-bottom:20px;width:30.6666%; margin-right: 4%;'>\n\t\t\t<div class=\"fusion-column-wrapper\" style=\"background-position:left top;background-repeat:no-repeat;-webkit-background-size:cover;-moz-background-size:cover;-o-background-size:cover;background-size:cover;\"  data-bg-url=\"\">\n\t\t\t\t<span class=\"fusion-imageframe imageframe-none imageframe-1 hover-type-none\"><img loading=\"lazy\" src=\"http:\/\/www.etfos.unios.hr\/ijeces\/wp-content\/uploads\/2015\/05\/0601.jpg\" width=\"295\" height=\"300\" alt=\"\" title=\"0601\" class=\"img-responsive wp-image-727\"\/><\/span><div class=\"fusion-clearfix\"><\/div>\n\n\t\t\t<\/div>\n\t\t<\/div><div  class=\"fusion-layout-column fusion_builder_column fusion_builder_column_2_3  fusion-two-third fusion-column-last 2_3\"  style='margin-top:0px;margin-bottom:20px;width:65.3333%'>\n\t\t\t<div class=\"fusion-column-wrapper\" style=\"background-position:left top;background-repeat:no-repeat;-webkit-background-size:cover;-moz-background-size:cover;-o-background-size:cover;background-size:cover;\"  data-bg-url=\"\">\n\t\t\t\t<table style=\"height: 200px;\" border=\"0\" width=\"731\">\n<tbody>\n<tr>\n<td width=\"44\"><a href=\"http:\/\/www.etfos.unios.hr\/ijeces\/wp-content\/uploads\/2016\/09\/07-02-01.pdf\" target=\"_blank\"><div class=\"alignleft\"><i class=\"fa fontawesome-icon fa-download circle-yes\" style=\"background-color:#1e73be;font-size:8.8px;line-height:17.6px;height:17.6px;width:17.6px;margin-right:5px;color:#ffffff;\"><\/i><\/div><\/a><\/td>\n<td width=\"500\"><strong><a title=\"Optimal Load Shedding Using an Ensemble of Artificial Neural Networks\" href=\"http:\/\/www.etfos.unios.hr\/ijeces\/vol-7-no-2-2016\/optimal-load-shedding-using-an-ensemble-of-artificial-neural-networks\/\" target=\"_blank\">Optimal Load Shedding Using an Ensemble of Artificial Neural Networks<\/a><br \/>\n<\/strong><em>Muhammad FaizanTahir, Hafiz Teheeb-Ul-Hassan, Kashif Mehmood, Hafiz Ghulam Murtaza Qamar, Umair Rashid<\/em><\/td>\n<td style=\"text-align: right;\" width=\"37\"><strong>39-46<\/strong><\/td>\n<\/tr>\n<tr>\n<td width=\"44\"><a href=\"http:\/\/www.etfos.unios.hr\/ijeces\/wp-content\/uploads\/2016\/09\/07-02-02.pdf\" target=\"_blank\"><div class=\"alignleft\"><i class=\"fa fontawesome-icon fa-download circle-yes\" style=\"background-color:#1e73be;font-size:8.8px;line-height:17.6px;height:17.6px;width:17.6px;margin-right:5px;color:#ffffff;\"><\/i><\/div><\/a><\/td>\n<td width=\"500\"><strong><a title=\"Design and Construction of a Small Reverberation Chamber\" href=\"http:\/\/www.etfos.unios.hr\/ijeces\/vol-7-no-2-2016\/design-and-construction-of-a-small-reverberation-chamber\/\" target=\"_blank\">Design and Construction of a Small Reverberation Chamber<\/a><br \/>\n<\/strong><em>Kre\u0161imir Malari\u0107, Kristijan Ko\u0161uti\u0107<\/em><\/td>\n<td style=\"text-align: right;\" width=\"37\"><strong>47-51<\/strong><\/td>\n<\/tr>\n<tr>\n<td width=\"44\"><a href=\"http:\/\/www.etfos.unios.hr\/ijeces\/wp-content\/uploads\/2016\/12\/07-02-03.pdf\" target=\"_blank\"><div class=\"alignleft\"><i class=\"fa fontawesome-icon fa-download circle-yes\" style=\"background-color:#1e73be;font-size:8.8px;line-height:17.6px;height:17.6px;width:17.6px;margin-right:5px;color:#ffffff;\"><\/i><\/div><\/a><\/td>\n<td width=\"500\"><strong><a title=\"Methodology for Detection of Cloud Interoperability Problems\" href=\"http:\/\/www.etfos.unios.hr\/ijeces\/vol-7-no-2-2016\/methodology-for-detection-of-cloud-interoperability-problems\/\" target=\"_blank\">Methodology for Detection of Cloud Interoperability Problems<\/a><br \/>\n<\/strong><em>Darko Andro\u010dec, Neven Vr\u010dek<\/em><\/td>\n<td style=\"text-align: right;\" width=\"37\"><strong>53-59<\/strong><\/td>\n<\/tr>\n<tr>\n<td width=\"44\"><a href=\"http:\/\/www.etfos.unios.hr\/ijeces\/wp-content\/uploads\/2017\/01\/07-02-04.pdf\" target=\"_blank\"><div class=\"alignleft\"><i class=\"fa fontawesome-icon fa-download circle-yes\" style=\"background-color:#1e73be;font-size:8.8px;line-height:17.6px;height:17.6px;width:17.6px;margin-right:5px;color:#ffffff;\"><\/i><\/div><\/a><\/td>\n<td width=\"500\"><strong><a title=\"A State Estimator Using SCADA and Synchronized Phasor Measurements\" href=\"http:\/\/www.etfos.unios.hr\/ijeces\/vol-7-no-2-2016\/a-state-estimator-using-scada-and-synchronized-phasor-measurements\/\" target=\"_blank\">A State Estimator Using SCADA and Synchronized Phasor Measurements<\/a><br \/>\n<\/strong><em>Vedran Kirin\u010di\u0107, Sr\u0111an Skok, Dubravko Frankovi\u0107<\/em><\/td>\n<td style=\"text-align: right;\" width=\"37\"><strong>61-69<\/strong><\/td>\n<\/tr>\n<tr>\n<td width=\"44\"><a href=\"http:\/\/www.etfos.unios.hr\/ijeces\/wp-content\/uploads\/2017\/01\/07-02-05.pdf\" target=\"_blank\"><div class=\"alignleft\"><i class=\"fa fontawesome-icon fa-download circle-yes\" style=\"background-color:#1e73be;font-size:8.8px;line-height:17.6px;height:17.6px;width:17.6px;margin-right:5px;color:#ffffff;\"><\/i><\/div><\/a><\/td>\n<td width=\"500\"><strong><a title=\"Reconstruction of Street Lighting system as the Tool for Electrical Energy Savings\" href=\"http:\/\/www.etfos.unios.hr\/ijeces\/vol-7-no-2-2016\/reconstruction-of-street-lighting-system-as-the-tool-for-electrical-energy-savings\/\" target=\"_blank\">Reconstruction of Street Lighting system as the Tool for Electrical Energy Savings<\/a><br \/>\n<\/strong><em>Ivan Ramljak, Ivana Ramljak, Mijo Sesar<\/em><\/td>\n<td style=\"text-align: right;\" width=\"37\"><strong>71-81<\/strong><\/td>\n<\/tr>\n<\/tbody>\n<\/table>\n<div class=\"fusion-clearfix\"><\/div>\n\n\t\t\t<\/div>\n\t\t<\/div><\/div><\/div><\/p>\n","protected":false},"excerpt":{"rendered":"","protected":false},"author":2,"featured_media":0,"parent":0,"menu_order":0,"comment_status":"closed","ping_status":"closed","template":"","meta":[],"_links":{"self":[{"href":"http:\/\/www.etfos.unios.hr\/ijeces\/wp-json\/wp\/v2\/pages\/918"}],"collection":[{"href":"http:\/\/www.etfos.unios.hr\/ijeces\/wp-json\/wp\/v2\/pages"}],"about":[{"href":"http:\/\/www.etfos.unios.hr\/ijeces\/wp-json\/wp\/v2\/types\/page"}],"author":[{"embeddable":true,"href":"http:\/\/www.etfos.unios.hr\/ijeces\/wp-json\/wp\/v2\/users\/2"}],"replies":[{"embeddable":true,"href":"http:\/\/www.etfos.unios.hr\/ijeces\/wp-json\/wp\/v2\/comments?post=918"}],"version-history":[{"count":12,"href":"http:\/\/www.etfos.unios.hr\/ijeces\/wp-json\/wp\/v2\/pages\/918\/revisions"}],"predecessor-version":[{"id":1080,"href":"http:\/\/www.etfos.unios.hr\/ijeces\/wp-json\/wp\/v2\/pages\/918\/revisions\/1080"}],"wp:attachment":[{"href":"http:\/\/www.etfos.unios.hr\/ijeces\/wp-json\/wp\/v2\/media?parent=918"}],"curies":[{"name":"wp","href":"https:\/\/api.w.org\/{rel}","templated":true}]}}